{"id":3423,"date":"2020-07-28T11:35:36","date_gmt":"2020-07-28T11:35:36","guid":{"rendered":"https:\/\/www.maasaiherosafaris.com\/homepage\/"},"modified":"2026-01-14T14:56:27","modified_gmt":"2026-01-14T14:56:27","slug":"homepage","status":"publish","type":"page","link":"https:\/\/www.maasaiherosafaris.com\/fr\/","title":{"rendered":"Il Maasai Hero Tours &#038; Safaris"},"content":{"rendered":"\n<h4 class=\"wp-block-heading\"><strong><strong>Avec <em>Il Maasai Hero Tours &amp; Safaris <\/em>d\u00e9couvrez la Tanzanie au plus proche de ses terres et de ses traditions&nbsp;!<\/strong><\/strong><\/h4>\n\n\n\n<figure class=\"wp-block-video\"><video controls src=\"https:\/\/www.maasaiherosafaris.com\/wp-content\/uploads\/2025\/12\/TANZANIE_LE-FILM3.mp4\"><\/video><figcaption class=\"wp-element-caption\">La Tanzanie par Bernard Pichon                                                                               \u00a9pichonvoyageur.ch<\/figcaption><\/figure>\n\n\n\n<p>Choisissez<strong> Il Massai Hero Tours &amp; Safaris<\/strong> pour une d\u00e9couverte authentique de la Tanzanie aussi bien en safari, sur les plages de Zanzibar, que pour un trekking!<\/p>\n\n\n\n<p>Il y a plusieurs agences de tourisme en Tanzanie. <strong><em>Il Maasai Hero Tours<\/em><\/strong> est une agence locale, sans interm\u00e9diaire. Nous connaissons personnellement et engageons directement tous nos collaborateurs, qu\u2019ils soient guides, chauffeurs, cuisiniers ou porteurs. Nous connaissons tous les h\u00f4tels et toutes les activit\u00e9s que nous proposons \u00e0 nos clients. Nous garantissons ainsi une qualit\u00e9 de service particuli\u00e8re tant au niveau humain que de l\u2019infrastructure.<\/p>\n\n\n\n<p>Il y a deux directeurs. Le premier, Edgar, est un Maasai qui a travaill\u00e9 pendant plus de dix ans pour les grandes agences avant d\u2019ouvrir la sienne.&nbsp; Sa premi\u00e8re pr\u00e9occupation sera de vous faire d\u00e9couvrir ses origines, son pays avec ses paysages et ses animaux sauvages, au plus pr\u00e8s de sa sensibilit\u00e9 et du respect de l\u2019environnement.<\/p>\n\n\n\n<p>La deuxi\u00e8me, Laure, est une Suissesse. Elle s\u2019occupe de la partie administrative de l\u2019agence&nbsp;: l\u2019\u00e9laboration de votre circuit de r\u00eave, les r\u00e9servations de vols, d\u2019h\u00f4tels, ainsi que du bon d\u00e9roulement du voyage sur place.<\/p>\n\n\n\n<p><strong>Une des particularit\u00e9s de l\u2019agence est le s\u00e9jour dans un village Maasai authentique pour se plonger dans la vie quotidienne des Maasai.<\/strong><\/p>\n\n\n\n<p>Edgar est Maasai. Il a grandi dans la culture, les rituels et les pr\u00e9occupations des Maasai d\u2019aujourd\u2019hui. Il parle leur langue, sait s\u2019occuper des troupeaux, chanter, danser, peut partager leur repas fait de lait et de sang de vache frais, reconna\u00eet les plantes et herbes m\u00e9dicinales qui leur permettent de soigner plusieurs maux. Il conna\u00eet aussi les difficult\u00e9s de cette tribu nomade \u00e0 trouver des terres pour ses troupeaux&nbsp;: en effet, elle est d\u00e9sormais souvent somm\u00e9e de quitter ses terres pour laisser place \u00e0 la construction de nouvelles routes ou de nouveaux parcs pour les touristes&#8230;<\/p>\n\n\n\n<p>Nous vous proposons ainsi de vivre deux ou trois jours l\u2019exp\u00e9rience de la vie authentique d\u2019un village Maasai \u2013 en dehors des circuits touristiques. Vous dormez alors sous tente, et vivez \u00e0 leur rythme. Cela vous permet de d\u00e9couvrir les logements des Maasais, ce qu\u2019ils mangent, comment ils s\u2019occupent des animaux, quelles plantes leur permettent de se soigner, quelles sont leurs croyances, les significations de leurs danses ou de leurs bijoux. Entre autres.<\/p>\n\n\n\n<p>La nature et les animaux sont pareillement incontournables et fascinants, mais le respect de l\u2019\u00e9cosyst\u00e8me et la tranquillit\u00e9 des b\u00eates sont une priorit\u00e9.<\/p>\n\n\n\n<p>Comme le logo l\u2019illustre, les Maasais sont la seule tribu d\u2019Afrique de l\u2019Est \u00e0 vivre en harmonie avec la nature, repr\u00e9sent\u00e9e par le Kilimandjaro, et les animaux, symbolis\u00e9s par les repr\u00e9sentants embl\u00e9matiques des Big Five&nbsp;: les lions et les \u00e9l\u00e9phants. Ils vivent au milieu d\u2019eux, sont familiers de leur pr\u00e9sence et ne cherchent jamais \u00e0 \u00eatre plus forts ou \u00e0 les chasser.<\/p>\n\n\n\n<p>Vous aurez ainsi l\u2019occasion avec <strong><em>Il Maasai Hero Tours<\/em><\/strong> de d\u00e9couvrir les Big Five (lions, \u00e9l\u00e9phants, rhinoc\u00e9ros, buffles et l\u00e9opards), mais aussi les gnous, les z\u00e8bres, les girafes, les gazelles, les oiseaux, et une flore verdoyante. Toutefois, ne pas sortir des sentiers autoris\u00e9s ou \u00e9teindre le moteur d\u00e8s que possible, entre autres, fait partie de la Charte de bonne conduite que nous appliquons pour vous offrir un tourisme authentique et responsable.<\/p>\n\n\n\n<p><strong><em>Il Maasai Hero Tours<\/em><\/strong><strong> affectionne aussi particuli\u00e8rement le Lac Natron, pour y d\u00e9couvrir la faune et la flore de pr\u00e8s et \u00e0 pieds.<\/strong><\/p>\n\n\n\n<p>Cette r\u00e9gion, pour l\u2019instant encore moins touristique que le Serengeti ou le crat\u00e8re du Ngorongoro, permet de marcher parmi les z\u00e8bres et les gnous au bord du lac ou dans une rivi\u00e8re pour atteindre une vasque et s\u2019y baigner. Ces activit\u00e9s sont pr\u00e9cieuses et passionnantes afin de varier les occupations lors du s\u00e9jour \u201csafari\u201d.<\/p>\n\n\n\n<p><strong>Il Maasai Hero Tours accorde aussi un int\u00e9r\u00eat particulier aux montagnes Usambara, dont la ville principale est Lushoto. Ce lieu offre l\u2019opportunit\u00e9 d\u2019effectuer de magnifiques randonn\u00e9es.<\/strong><\/p>\n\n\n\n<p>Cette cha\u00eene de montagnes s\u2019\u00e9tend sur un peu plus de 100 kilom\u00e8tres au nord \u2013 est du pays et culmine \u00e0 2300 m\u00e8tres. Nous recommandons d\u2019y rester trois \u00e0 six jours afin de partir en randonn\u00e9e soit \u00e0 la journ\u00e9e soit pour un circuit de 4 jours \u00e0 la d\u00e9couverte d\u2019une flore, de paysages et une proximit\u00e9 avec les habitants tout \u00e0 fait hors du commun.<\/p>\n\n\n\n<p>Une combinaison safari \u2013 montagnes Usambara offre une approche diversifi\u00e9e des richesses tanzaniennes.<\/p>\n\n\n\n<p><strong>IL Maasai Hero Tours propose aussi, comme alternative au baln\u00e9aire et si le temps apr\u00e8s le safari est compt\u00e9, de partir 2 \u00e0 4 jours au pied du Kilimandjaro, r\u00e9gion appel\u00e9e <em>West Kilimanjaro<\/em>. L\u2019h\u00f4tel <em>Simba Farm Lodge<\/em> permet alors de se rem\u00e9morer en douceur les jours de safari.<\/strong><\/p>\n\n\n\n<p>Il est aussi possible de faire des randonn\u00e9es faciles \u00e0 pied ou \u00e0 v\u00e9lo de 4 \u00e0 8 heures d\u2019entente avec le guide local. De cet endroit paradisiaque il est ais\u00e9 de se retrouver au pied du Kilimandjaro et de vibrer \u00e0 la vue de ces paysages exceptionnels et de sentir la force de la roche volcanique sous les pieds.<\/p>\n\n\n\n<p><strong>Zanzibar<\/strong><\/p>\n\n\n\n<p>Si vous souhaitez en revanche <strong>passer quelques jours sur les plages de Zanzibar<\/strong>, les h\u00f4tels que nous vous proposons sont \u00e9co-responsables et traitent leur personnel avec respect.<strong><\/strong><\/p>\n\n\n\n<p>A Zanzibar, nous proposons deux options&nbsp;:<\/p>\n\n\n\n<p>\u00b7 Sillonner l\u2019\u00eele, en logeant une ou plusieurs nuits \u00e0 Stonetown, \u00e0 Nungwi au Nord, Jambiani ou Paje \u00e0 l\u2019Est et \u00e0 Kizimkazi au Sud.<\/p>\n\n\n\n<p>\u00b7 Apr\u00e8s une ou deux nuits \u00e0 Stonetown, vous partirez pour l\u2019un des trois autres points cardinaux de l\u2019\u00eele et poserez alors vos valises pour la dur\u00e9e de votre s\u00e9jour.<\/p>\n\n\n\n<p><strong>Hikings<\/strong><\/p>\n\n\n\n<p>De m\u00eame, si vous choisissez de gravir <strong>le Kilimandjaro, ou le Mont Meru<\/strong>, les guides sont respectueux de l\u2019environnement et touchent un salaire d\u00e9cent.<\/p>\n\n\n\n<p><strong><em>Il Maasai Hero Tours<\/em><\/strong> organise aussi les ascensions du Kilimandjaro, du Mont Meru ou du Mont Ol Doinyo Lengai au bord du Lac Natron.<\/p>\n\n\n\n<p>Nous pr\u00e9sentons trois routes pour l\u2019ascension du Kilimandjaro&nbsp;: Machame, Marangu ou Lemosho. Ces trois routes se font en 6 \u00e0 8 jours selon les souhaits et les besoins physiques des clients. Les nuits se font soit sous tente, soit en refuge, selon la route choisie. Les routes de Umbwe ou Rongai ont aussi leurs int\u00e9r\u00eats et sont aussi possibles \u00e0 organiser avec notre agence.<\/p>\n\n\n\n<div class=\"wp-block-columns alignfull is-layout-flex wp-container-8\">\n<div class=\"wp-block-column is-layout-flow\">\n<div class=\"wp-block-cover is-light\"><span aria-hidden=\"true\" class=\"wp-block-cover__background has-background-dim\"><\/span><img decoding=\"async\" loading=\"lazy\" width=\"1500\" height=\"1125\" sizes=\"(max-width: 799px) 200vw,(max-width: 1500px) 100vw,1500px\" class=\"wp-block-cover__image-background wp-image-3163\" alt=\"\" src=\"https:\/\/www.maasaiherosafaris.com\/wp-content\/uploads\/2020\/08\/maasai_hero_ngorongoro-11.jpg\" data-object-fit=\"cover\" srcset=\"https:\/\/www.maasaiherosafaris.com\/wp-content\/uploads\/2020\/08\/maasai_hero_ngorongoro-11.jpg 1500w, https:\/\/www.maasaiherosafaris.com\/wp-content\/uploads\/2020\/08\/maasai_hero_ngorongoro-11-300x225.jpg 300w, https:\/\/www.maasaiherosafaris.com\/wp-content\/uploads\/2020\/08\/maasai_hero_ngorongoro-11-1030x773.jpg 1030w, https:\/\/www.maasaiherosafaris.com\/wp-content\/uploads\/2020\/08\/maasai_hero_ngorongoro-11-768x576.jpg 768w, https:\/\/www.maasaiherosafaris.com\/wp-content\/uploads\/2020\/08\/maasai_hero_ngorongoro-11-1200x900.jpg 1200w\" \/><div class=\"wp-block-cover__inner-container\">\n<div class=\"wp-block-group is-layout-flow\"><div class=\"wp-block-group__inner-container\">\n<h2 class=\"wp-block-heading has-text-align-center\">Safaris<\/h2>\n\n\n\n<div class=\"wp-block-buttons is-horizontal is-content-justification-center is-layout-flex wp-container-1\">\n<div class=\"wp-block-button\"><a class=\"wp-block-button__link has-primary-color has-background-background-color has-text-color has-background wp-element-button\" href=\"https:\/\/www.maasaiherosafaris.com\/fr\/destinations\/safaris-fr\/\">d\u00e9couvrez<\/a><\/div>\n<\/div>\n<\/div><\/div>\n<\/div><\/div>\n<\/div>\n\n\n\n<div class=\"wp-block-column is-vertically-aligned-top is-layout-flow\">\n<div class=\"wp-block-cover is-light\"><span aria-hidden=\"true\" class=\"wp-block-cover__background has-background-dim\"><\/span><img decoding=\"async\" loading=\"lazy\" width=\"1024\" height=\"768\" sizes=\"(max-width: 799px) 200vw,(max-width: 1024px) 100vw,1024px\" class=\"wp-block-cover__image-background wp-image-2776\" alt=\"\" src=\"https:\/\/www.maasaiherosafaris.com\/wp-content\/uploads\/2020\/08\/beaches.jpg\" data-object-fit=\"cover\" srcset=\"https:\/\/www.maasaiherosafaris.com\/wp-content\/uploads\/2020\/08\/beaches.jpg 1024w, https:\/\/www.maasaiherosafaris.com\/wp-content\/uploads\/2020\/08\/beaches-300x225.jpg 300w, https:\/\/www.maasaiherosafaris.com\/wp-content\/uploads\/2020\/08\/beaches-768x576.jpg 768w, https:\/\/www.maasaiherosafaris.com\/wp-content\/uploads\/2020\/08\/beaches-500x375.jpg 500w, https:\/\/www.maasaiherosafaris.com\/wp-content\/uploads\/2020\/08\/beaches-800x600.jpg 800w\" \/><div class=\"wp-block-cover__inner-container\">\n<h2 class=\"wp-block-heading has-text-align-center\">Plages<\/h2>\n\n\n\n<div class=\"wp-block-buttons is-horizontal is-content-justification-center is-layout-flex wp-container-4\">\n<div class=\"wp-block-button is-style-fill\"><a class=\"wp-block-button__link has-primary-color has-background-background-color has-text-color has-background wp-element-button\" href=\"https:\/\/www.maasaiherosafaris.com\/fr\/destinations\/plages\/\" rel=\"https:\/\/www.maasaiherosafaris.com\/destinations\/beaches\/\">d\u00e9couvrez<\/a><\/div>\n<\/div>\n<\/div><\/div>\n\n\n\n<p><\/p>\n<\/div>\n\n\n\n<div class=\"wp-block-column is-vertically-aligned-top is-layout-flow\">\n<div class=\"wp-block-cover is-light\"><span aria-hidden=\"true\" class=\"wp-block-cover__background has-background-dim\"><\/span><img decoding=\"async\" loading=\"lazy\" width=\"1500\" height=\"1125\" sizes=\"(max-width: 799px) 200vw,(max-width: 1500px) 100vw,1500px\" class=\"wp-block-cover__image-background wp-image-2506\" alt=\"\" src=\"https:\/\/www.maasaiherosafaris.com\/wp-content\/uploads\/2020\/07\/maasai_hero_lengai_03.jpg\" data-object-fit=\"cover\" srcset=\"https:\/\/www.maasaiherosafaris.com\/wp-content\/uploads\/2020\/07\/maasai_hero_lengai_03.jpg 1500w, https:\/\/www.maasaiherosafaris.com\/wp-content\/uploads\/2020\/07\/maasai_hero_lengai_03-300x225.jpg 300w, https:\/\/www.maasaiherosafaris.com\/wp-content\/uploads\/2020\/07\/maasai_hero_lengai_03-1030x773.jpg 1030w, https:\/\/www.maasaiherosafaris.com\/wp-content\/uploads\/2020\/07\/maasai_hero_lengai_03-768x576.jpg 768w, https:\/\/www.maasaiherosafaris.com\/wp-content\/uploads\/2020\/07\/maasai_hero_lengai_03-1200x900.jpg 1200w\" \/><div class=\"wp-block-cover__inner-container\">\n<h2 class=\"wp-block-heading has-text-align-center\">Hikings<\/h2>\n\n\n\n<div class=\"wp-block-buttons is-horizontal is-content-justification-center is-layout-flex wp-container-6\">\n<div class=\"wp-block-button is-style-fill\"><a class=\"wp-block-button__link has-primary-color has-background-background-color has-text-color has-background wp-element-button\" href=\"https:\/\/www.maasaiherosafaris.com\/fr\/destinations\/trekkings-fr\/\" rel=\"https:\/\/www.maasaiherosafaris.com\/destinations\/trekkings\/\">d\u00e9couvrez<\/a><\/div>\n<\/div>\n<\/div><\/div>\n\n\n\n<p><\/p>\n<\/div>\n<\/div>\n","protected":false},"excerpt":{"rendered":"<p>Avec Il Maasai Hero Tours &amp; Safaris d\u00e9couvrez la Tanzanie au plus proche de ses terres et de ses traditions&nbsp;! Choisissez Il Massai Hero Tours &amp; Safaris pour une d\u00e9couverte authentique de la Tanzanie aussi bien en safari, sur les plages de Zanzibar, que pour un trekking! Il y a plusieurs agences de tourisme en&hellip;<\/p>\n","protected":false},"author":1,"featured_media":2999,"parent":0,"menu_order":0,"comment_status":"closed","ping_status":"closed","template":"templates\/template-cover.php","meta":[],"yoast_head":"<!-- This site is optimized with the Yoast SEO plugin v20.9 - https:\/\/yoast.com\/wordpress\/plugins\/seo\/ -->\n<title>Il Maasai Hero Tours &amp; Safaris - Maasai Hero Safaris<\/title>\n<meta name=\"robots\" content=\"index, follow, max-snippet:-1, max-image-preview:large, max-video-preview:-1\" \/>\n<link rel=\"canonical\" href=\"https:\/\/www.maasaiherosafaris.com\/fr\/\" \/>\n<meta property=\"og:locale\" content=\"fr_FR\" \/>\n<meta property=\"og:type\" content=\"article\" \/>\n<meta property=\"og:title\" content=\"Il Maasai Hero Tours &amp; Safaris - Maasai Hero Safaris\" \/>\n<meta property=\"og:description\" content=\"Avec Il Maasai Hero Tours &amp; Safaris d\u00e9couvrez la Tanzanie au plus proche de ses terres et de ses traditions&nbsp;! Choisissez Il Massai Hero Tours &amp; Safaris pour une d\u00e9couverte authentique de la Tanzanie aussi bien en safari, sur les plages de Zanzibar, que pour un trekking! Il y a plusieurs agences de tourisme en&hellip;\" \/>\n<meta property=\"og:url\" content=\"https:\/\/www.maasaiherosafaris.com\/fr\/\" \/>\n<meta property=\"og:site_name\" content=\"Maasai Hero Safaris\" \/>\n<meta property=\"article:modified_time\" content=\"2026-01-14T14:56:27+00:00\" \/>\n<meta property=\"og:image\" content=\"https:\/\/www.maasaiherosafaris.com\/wp-content\/uploads\/2020\/07\/P7220869-scaled.jpg\" \/>\n\t<meta property=\"og:image:width\" content=\"2560\" \/>\n\t<meta property=\"og:image:height\" content=\"1920\" \/>\n\t<meta property=\"og:image:type\" content=\"image\/jpeg\" \/>\n<meta name=\"twitter:card\" content=\"summary_large_image\" \/>\n<meta name=\"twitter:label1\" content=\"Dur\u00e9e de lecture estim\u00e9e\" \/>\n\t<meta name=\"twitter:data1\" content=\"6 minutes\" \/>\n<script type=\"application\/ld+json\" class=\"yoast-schema-graph\">{\"@context\":\"https:\/\/schema.org\",\"@graph\":[{\"@type\":\"WebPage\",\"@id\":\"https:\/\/www.maasaiherosafaris.com\/fr\/\",\"url\":\"https:\/\/www.maasaiherosafaris.com\/fr\/\",\"name\":\"Il Maasai Hero Tours & Safaris - Maasai Hero Safaris\",\"isPartOf\":{\"@id\":\"https:\/\/www.maasaiherosafaris.com\/en\/#website\"},\"datePublished\":\"2020-07-28T11:35:36+00:00\",\"dateModified\":\"2026-01-14T14:56:27+00:00\",\"breadcrumb\":{\"@id\":\"https:\/\/www.maasaiherosafaris.com\/fr\/#breadcrumb\"},\"inLanguage\":\"fr-FR\",\"potentialAction\":[{\"@type\":\"ReadAction\",\"target\":[\"https:\/\/www.maasaiherosafaris.com\/fr\/\"]}]},{\"@type\":\"BreadcrumbList\",\"@id\":\"https:\/\/www.maasaiherosafaris.com\/fr\/#breadcrumb\",\"itemListElement\":[{\"@type\":\"ListItem\",\"position\":1,\"name\":\"Home\",\"item\":\"https:\/\/www.maasaiherosafaris.com\/fr\/\"},{\"@type\":\"ListItem\",\"position\":2,\"name\":\"Il Maasai Hero Tours &#038; Safaris\"}]},{\"@type\":\"WebSite\",\"@id\":\"https:\/\/www.maasaiherosafaris.com\/en\/#website\",\"url\":\"https:\/\/www.maasaiherosafaris.com\/en\/\",\"name\":\"Maasai Hero Safaris\",\"description\":\"Votre partenaire de voyages\",\"publisher\":{\"@id\":\"https:\/\/www.maasaiherosafaris.com\/en\/#organization\"},\"potentialAction\":[{\"@type\":\"SearchAction\",\"target\":{\"@type\":\"EntryPoint\",\"urlTemplate\":\"https:\/\/www.maasaiherosafaris.com\/en\/?s={search_term_string}\"},\"query-input\":\"required name=search_term_string\"}],\"inLanguage\":\"fr-FR\"},{\"@type\":\"Organization\",\"@id\":\"https:\/\/www.maasaiherosafaris.com\/en\/#organization\",\"name\":\"Maasai Hero Safaris\",\"url\":\"https:\/\/www.maasaiherosafaris.com\/en\/\",\"logo\":{\"@type\":\"ImageObject\",\"inLanguage\":\"fr-FR\",\"@id\":\"https:\/\/www.maasaiherosafaris.com\/en\/#\/schema\/logo\/image\/\",\"url\":\"https:\/\/www.maasaiherosafaris.com\/wp-content\/uploads\/2023\/06\/MAASAIHEROLOGO_ns.jpg2-removebg-preview.png\",\"contentUrl\":\"https:\/\/www.maasaiherosafaris.com\/wp-content\/uploads\/2023\/06\/MAASAIHEROLOGO_ns.jpg2-removebg-preview.png\",\"width\":501,\"height\":498,\"caption\":\"Maasai Hero Safaris\"},\"image\":{\"@id\":\"https:\/\/www.maasaiherosafaris.com\/en\/#\/schema\/logo\/image\/\"}}]}<\/script>\n<!-- \/ Yoast SEO plugin. -->","yoast_head_json":{"title":"Il Maasai Hero Tours & Safaris - Maasai Hero Safaris","robots":{"index":"index","follow":"follow","max-snippet":"max-snippet:-1","max-image-preview":"max-image-preview:large","max-video-preview":"max-video-preview:-1"},"canonical":"https:\/\/www.maasaiherosafaris.com\/fr\/","og_locale":"fr_FR","og_type":"article","og_title":"Il Maasai Hero Tours & Safaris - Maasai Hero Safaris","og_description":"Avec Il Maasai Hero Tours &amp; Safaris d\u00e9couvrez la Tanzanie au plus proche de ses terres et de ses traditions&nbsp;! Choisissez Il Massai Hero Tours &amp; Safaris pour une d\u00e9couverte authentique de la Tanzanie aussi bien en safari, sur les plages de Zanzibar, que pour un trekking! Il y a plusieurs agences de tourisme en&hellip;","og_url":"https:\/\/www.maasaiherosafaris.com\/fr\/","og_site_name":"Maasai Hero Safaris","article_modified_time":"2026-01-14T14:56:27+00:00","og_image":[{"width":2560,"height":1920,"url":"https:\/\/www.maasaiherosafaris.com\/wp-content\/uploads\/2020\/07\/P7220869-scaled.jpg","type":"image\/jpeg"}],"twitter_card":"summary_large_image","twitter_misc":{"Dur\u00e9e de lecture estim\u00e9e":"6 minutes"},"schema":{"@context":"https:\/\/schema.org","@graph":[{"@type":"WebPage","@id":"https:\/\/www.maasaiherosafaris.com\/fr\/","url":"https:\/\/www.maasaiherosafaris.com\/fr\/","name":"Il Maasai Hero Tours & Safaris - Maasai Hero Safaris","isPartOf":{"@id":"https:\/\/www.maasaiherosafaris.com\/en\/#website"},"datePublished":"2020-07-28T11:35:36+00:00","dateModified":"2026-01-14T14:56:27+00:00","breadcrumb":{"@id":"https:\/\/www.maasaiherosafaris.com\/fr\/#breadcrumb"},"inLanguage":"fr-FR","potentialAction":[{"@type":"ReadAction","target":["https:\/\/www.maasaiherosafaris.com\/fr\/"]}]},{"@type":"BreadcrumbList","@id":"https:\/\/www.maasaiherosafaris.com\/fr\/#breadcrumb","itemListElement":[{"@type":"ListItem","position":1,"name":"Home","item":"https:\/\/www.maasaiherosafaris.com\/fr\/"},{"@type":"ListItem","position":2,"name":"Il Maasai Hero Tours &#038; Safaris"}]},{"@type":"WebSite","@id":"https:\/\/www.maasaiherosafaris.com\/en\/#website","url":"https:\/\/www.maasaiherosafaris.com\/en\/","name":"Maasai Hero Safaris","description":"Votre partenaire de voyages","publisher":{"@id":"https:\/\/www.maasaiherosafaris.com\/en\/#organization"},"potentialAction":[{"@type":"SearchAction","target":{"@type":"EntryPoint","urlTemplate":"https:\/\/www.maasaiherosafaris.com\/en\/?s={search_term_string}"},"query-input":"required name=search_term_string"}],"inLanguage":"fr-FR"},{"@type":"Organization","@id":"https:\/\/www.maasaiherosafaris.com\/en\/#organization","name":"Maasai Hero Safaris","url":"https:\/\/www.maasaiherosafaris.com\/en\/","logo":{"@type":"ImageObject","inLanguage":"fr-FR","@id":"https:\/\/www.maasaiherosafaris.com\/en\/#\/schema\/logo\/image\/","url":"https:\/\/www.maasaiherosafaris.com\/wp-content\/uploads\/2023\/06\/MAASAIHEROLOGO_ns.jpg2-removebg-preview.png","contentUrl":"https:\/\/www.maasaiherosafaris.com\/wp-content\/uploads\/2023\/06\/MAASAIHEROLOGO_ns.jpg2-removebg-preview.png","width":501,"height":498,"caption":"Maasai Hero Safaris"},"image":{"@id":"https:\/\/www.maasaiherosafaris.com\/en\/#\/schema\/logo\/image\/"}}]}},"_links":{"self":[{"href":"https:\/\/www.maasaiherosafaris.com\/fr\/wp-json\/wp\/v2\/pages\/3423"}],"collection":[{"href":"https:\/\/www.maasaiherosafaris.com\/fr\/wp-json\/wp\/v2\/pages"}],"about":[{"href":"https:\/\/www.maasaiherosafaris.com\/fr\/wp-json\/wp\/v2\/types\/page"}],"author":[{"embeddable":true,"href":"https:\/\/www.maasaiherosafaris.com\/fr\/wp-json\/wp\/v2\/users\/1"}],"replies":[{"embeddable":true,"href":"https:\/\/www.maasaiherosafaris.com\/fr\/wp-json\/wp\/v2\/comments?post=3423"}],"version-history":[{"count":26,"href":"https:\/\/www.maasaiherosafaris.com\/fr\/wp-json\/wp\/v2\/pages\/3423\/revisions"}],"predecessor-version":[{"id":5767,"href":"https:\/\/www.maasaiherosafaris.com\/fr\/wp-json\/wp\/v2\/pages\/3423\/revisions\/5767"}],"wp:featuredmedia":[{"embeddable":true,"href":"https:\/\/www.maasaiherosafaris.com\/fr\/wp-json\/wp\/v2\/media\/2999"}],"wp:attachment":[{"href":"https:\/\/www.maasaiherosafaris.com\/fr\/wp-json\/wp\/v2\/media?parent=3423"}],"curies":[{"name":"wp","href":"https:\/\/api.w.org\/{rel}","templated":true}]}}