{"id":3431,"date":"2020-07-28T11:50:13","date_gmt":"2020-07-28T11:50:13","guid":{"rendered":"https:\/\/www.maasaiherosafaris.com\/about-us\/"},"modified":"2026-01-05T17:54:17","modified_gmt":"2026-01-05T17:54:17","slug":"a-propos","status":"publish","type":"page","link":"https:\/\/www.maasaiherosafaris.com\/fr\/a-propos\/","title":{"rendered":"\u00c0 propos"},"content":{"rendered":"\n<div class=\"wp-block-media-text alignfull has-media-on-the-right is-stacked-on-mobile is-image-fill tw-mb-0 tw-content-narrow is-style-tw-overlap has-background tw-stack-md\" style=\"background-color:#ffcb03;grid-template-columns:auto 35%\"><div class=\"wp-block-media-text__content\">\n<h4 class=\"wp-block-heading\">Pour un tourisme authentique et responsable&nbsp;!<\/h4>\n\n\n\n<p><strong>Il Maasai Hero Tours &amp; Safaris<\/strong> est une agence de voyage bas\u00e9e \u00e0 Arusha en Tanzanie. Elle est dirig\u00e9e par un Tanzanien et une Suissesse, Edgar Abelly &amp; Laure L\u00fcscher-Abplanalp.<\/p>\n<\/div><figure class=\"wp-block-media-text__media\" style=\"background-image:url(https:\/\/www.maasaiherosafaris.com\/wp-content\/uploads\/2023\/08\/thumbnail_Capture-decran-2023-08-19-a-20.21.15-1-829x1030.png);background-position:50% 50%\"><img decoding=\"async\" loading=\"lazy\" width=\"829\" height=\"1030\" src=\"https:\/\/www.maasaiherosafaris.com\/wp-content\/uploads\/2023\/08\/thumbnail_Capture-decran-2023-08-19-a-20.21.15-1-829x1030.png\" alt=\"\" class=\"wp-image-5112 size-full\" srcset=\"https:\/\/www.maasaiherosafaris.com\/wp-content\/uploads\/2023\/08\/thumbnail_Capture-decran-2023-08-19-a-20.21.15-1-829x1030.png 829w, https:\/\/www.maasaiherosafaris.com\/wp-content\/uploads\/2023\/08\/thumbnail_Capture-decran-2023-08-19-a-20.21.15-1-241x300.png 241w, https:\/\/www.maasaiherosafaris.com\/wp-content\/uploads\/2023\/08\/thumbnail_Capture-decran-2023-08-19-a-20.21.15-1-768x954.png 768w, https:\/\/www.maasaiherosafaris.com\/wp-content\/uploads\/2023\/08\/thumbnail_Capture-decran-2023-08-19-a-20.21.15-1.png 1080w\" sizes=\"(max-width: 829px) 100vw, 829px\" \/><\/figure><\/div>\n\n\n<div class=\"wp-block-image\">\n<figure class=\"aligncenter size-full is-resized\"><img decoding=\"async\" loading=\"lazy\" src=\"https:\/\/www.maasaiherosafaris.com\/wp-content\/uploads\/2025\/12\/LAURE.jpg\" alt=\"\" class=\"wp-image-5712\" width=\"323\" height=\"216\" srcset=\"https:\/\/www.maasaiherosafaris.com\/wp-content\/uploads\/2025\/12\/LAURE.jpg 900w, https:\/\/www.maasaiherosafaris.com\/wp-content\/uploads\/2025\/12\/LAURE-300x200.jpg 300w, https:\/\/www.maasaiherosafaris.com\/wp-content\/uploads\/2025\/12\/LAURE-768x512.jpg 768w\" sizes=\"(max-width: 323px) 100vw, 323px\" \/><figcaption class=\"wp-element-caption\">Afrique : un safari en Tanzanie <br> Podcast par&nbsp;<a href=\"https:\/\/www.pichonvoyageur.ch\/author\/pichonvoyageur\/\">Bernard Pichon<\/a><\/figcaption><\/figure><\/div>\n\n\n<figure class=\"wp-block-audio\"><audio controls src=\"https:\/\/www.pichonvoyageur.ch\/wp-content\/uploads\/2025\/09\/pichonvoyageur_podcast_safari.mp3\"><\/audio><figcaption class=\"wp-element-caption\"><em>Laure &amp; Edgar proposent une formule de<strong>&nbsp;safari<\/strong>&nbsp;respectueuse des autochtones et de la&nbsp;<strong>nature<\/strong>.<\/em><\/figcaption><\/figure>\n\n\n<div class=\"wp-block-image\">\n<figure class=\"aligncenter size-full is-resized\"><img decoding=\"async\" loading=\"lazy\" src=\"https:\/\/www.maasaiherosafaris.com\/wp-content\/uploads\/2025\/12\/EDGAR.jpg\" alt=\"\" class=\"wp-image-5715\" width=\"328\" height=\"218\" srcset=\"https:\/\/www.maasaiherosafaris.com\/wp-content\/uploads\/2025\/12\/EDGAR.jpg 900w, https:\/\/www.maasaiherosafaris.com\/wp-content\/uploads\/2025\/12\/EDGAR-300x200.jpg 300w, https:\/\/www.maasaiherosafaris.com\/wp-content\/uploads\/2025\/12\/EDGAR-768x512.jpg 768w\" sizes=\"(max-width: 328px) 100vw, 328px\" \/><figcaption class=\"wp-element-caption\">Afrique : un guide en Tanzanie <br>Podcast par&nbsp;<a href=\"https:\/\/www.pichonvoyageur.ch\/author\/pichonvoyageur\/\">Bernard Pichon<\/a><\/figcaption><\/figure><\/div>\n\n\n<figure class=\"wp-block-audio\"><audio controls src=\"https:\/\/www.pichonvoyageur.ch\/wp-content\/uploads\/2025\/10\/pichonvoyageur_podcast_edgar.mp3\"><\/audio><figcaption class=\"wp-element-caption\"><em>Edgar \u2013 authentique Maasa\u00ef \u2013 est un guide exp\u00e9riment\u00e9 en Tanzanie. Il co-dirige l\u2019agence Il Maasa\u00ef Hero Safaris.<\/em><\/figcaption><\/figure>\n\n\n\n<p><\/p>\n\n\n\n<p>Edgar Abelly a travaill\u00e9 comme guide pendant plus de dix ans pour plusieurs agences, avant d\u2019ouvrir cette agence pour \u00eatre proche de ses clients et s\u2019impliquer personnellement dans la relation et la satisfaction de sa client\u00e8le. D\u2019autre part, il souhaite partager sa passion au plus pr\u00e8s de ses convictions\u00a0: prot\u00e9ger la nature et les animaux qui l\u2019habitent et pr\u00e9server les lieux de vie des Maasais et l\u2019h\u00e9ritage qu\u2019ils lui ont transmis. Les guides dont il s\u2019est entour\u00e9 pour compl\u00e9ter son \u00e9quipe partagent cette connaissance de la nature, des animaux et de la vie des Maasais. Ils sont aussi convaincus de la n\u00e9cessit\u00e9 de prot\u00e9ger cette culture si particuli\u00e8re.<\/p>\n\n\n\n<p>Laure L\u00fcscher-Abplanalp vit entre la Tanzanie et la Suisse depuis plusieurs ann\u00e9es, et conna\u00eet bien la culture et les gens du pays. Elle est responsable de la partie administrative. Elle s\u2019occupe en effet d\u2019\u00e9laborer avec les clients le voyage de leurs r\u00eaves, des r\u00e9servations de vol, des h\u00f4tels, de la relation aux clients francophones, germanophones et anglophones avant le voyage et du bon d\u00e9roulement du voyage sur place.<\/p>\n\n\n\n<p><strong><em>Il Maasai Hero Tours<\/em><\/strong> propose diff\u00e9rentes destinations (voir <em>destinations<\/em>) et tous ses circuits et propositions sont \u201c<strong>cl\u00e9s en main<\/strong>\u201d ou \u00e9labor\u00e9s \u201c<strong>sur mesure<\/strong>\u201d.<\/p>\n\n\n\n<p>Que vous partiez en famille, entre amis, en lune de miel, entre professionnels pour \u00e9tudier la faune ou la flore, que vous dormiez sous tente au milieu du Serengeti ou dans un lodge 5* avec piscine, nous sommes toujours cr\u00e9atifs pour vous offrir le voyage de vos r\u00eaves que vous n\u2019oublierez jamais&nbsp;!<\/p>\n\n\n\n<p>L\u2019agence, soucieuse de l\u2019environnement et du bien-\u00eatre des autochtones, a choisi de s\u2019engager dans un projet concret et proche des habitants. Ainsi, nous soutenons gr\u00e2ce \u00e0 nos clients, une \u00e9cole au bord du lac Natron. Cette \u00e9cole officielle et gouvernementale accueille chaque jour plus de 600 \u00e9l\u00e8ves dans seulement 6 classes et donc 6 enseignants. Les \u00e9l\u00e8ves comme les enseignants manquent de tout&nbsp;: aussi bien de mat\u00e9riel scolaire, de nourriture, que d\u2019infrastructure minimale.<\/p>\n\n\n\n<figure class=\"wp-block-gallery has-nested-images columns-default is-cropped wp-block-gallery-1 is-layout-flex\">\n<figure class=\"wp-block-image size-large\"><img decoding=\"async\" loading=\"lazy\" width=\"1030\" height=\"773\" data-id=\"5119\"  src=\"https:\/\/www.maasaiherosafaris.com\/wp-content\/uploads\/2023\/08\/thumbnail_DSCN0422-1-1030x773.jpg\" alt=\"\" class=\"wp-image-5119\" srcset=\"https:\/\/www.maasaiherosafaris.com\/wp-content\/uploads\/2023\/08\/thumbnail_DSCN0422-1-1030x773.jpg 1030w, https:\/\/www.maasaiherosafaris.com\/wp-content\/uploads\/2023\/08\/thumbnail_DSCN0422-1-300x225.jpg 300w, https:\/\/www.maasaiherosafaris.com\/wp-content\/uploads\/2023\/08\/thumbnail_DSCN0422-1-768x576.jpg 768w, https:\/\/www.maasaiherosafaris.com\/wp-content\/uploads\/2023\/08\/thumbnail_DSCN0422-1-1536x1152.jpg 1536w, https:\/\/www.maasaiherosafaris.com\/wp-content\/uploads\/2023\/08\/thumbnail_DSCN0422-1-1200x900.jpg 1200w, https:\/\/www.maasaiherosafaris.com\/wp-content\/uploads\/2023\/08\/thumbnail_DSCN0422-1.jpg 1920w\" sizes=\"(max-width: 1030px) 100vw, 1030px\" \/><\/figure>\n\n\n\n<figure class=\"wp-block-image size-large\"><img decoding=\"async\" loading=\"lazy\" width=\"1030\" height=\"773\" data-id=\"5116\"  src=\"https:\/\/www.maasaiherosafaris.com\/wp-content\/uploads\/2023\/08\/thumbnail_DSCN0534-1-1030x773.jpg\" alt=\"\" class=\"wp-image-5116\" srcset=\"https:\/\/www.maasaiherosafaris.com\/wp-content\/uploads\/2023\/08\/thumbnail_DSCN0534-1-1030x773.jpg 1030w, https:\/\/www.maasaiherosafaris.com\/wp-content\/uploads\/2023\/08\/thumbnail_DSCN0534-1-300x225.jpg 300w, https:\/\/www.maasaiherosafaris.com\/wp-content\/uploads\/2023\/08\/thumbnail_DSCN0534-1-768x576.jpg 768w, https:\/\/www.maasaiherosafaris.com\/wp-content\/uploads\/2023\/08\/thumbnail_DSCN0534-1-1536x1152.jpg 1536w, https:\/\/www.maasaiherosafaris.com\/wp-content\/uploads\/2023\/08\/thumbnail_DSCN0534-1-1200x900.jpg 1200w, https:\/\/www.maasaiherosafaris.com\/wp-content\/uploads\/2023\/08\/thumbnail_DSCN0534-1.jpg 1920w\" sizes=\"(max-width: 1030px) 100vw, 1030px\" \/><\/figure>\n\n\n\n<figure class=\"wp-block-image size-large\"><img decoding=\"async\" loading=\"lazy\" width=\"482\" height=\"361\" data-id=\"4401\"  src=\"https:\/\/www.maasaiherosafaris.com\/wp-content\/uploads\/2023\/06\/Image2.jpg\" alt=\"\" class=\"wp-image-4401\" srcset=\"https:\/\/www.maasaiherosafaris.com\/wp-content\/uploads\/2023\/06\/Image2.jpg 482w, https:\/\/www.maasaiherosafaris.com\/wp-content\/uploads\/2023\/06\/Image2-300x225.jpg 300w\" sizes=\"(max-width: 482px) 100vw, 482px\" \/><\/figure>\n\n\n\n<figure class=\"wp-block-image size-large\"><img decoding=\"async\" loading=\"lazy\" width=\"1030\" height=\"772\" data-id=\"4396\"  src=\"https:\/\/www.maasaiherosafaris.com\/wp-content\/uploads\/2023\/06\/Image3-1030x772.jpg\" alt=\"\" class=\"wp-image-4396\" srcset=\"https:\/\/www.maasaiherosafaris.com\/wp-content\/uploads\/2023\/06\/Image3-1030x772.jpg 1030w, https:\/\/www.maasaiherosafaris.com\/wp-content\/uploads\/2023\/06\/Image3-300x225.jpg 300w, https:\/\/www.maasaiherosafaris.com\/wp-content\/uploads\/2023\/06\/Image3-768x576.jpg 768w, https:\/\/www.maasaiherosafaris.com\/wp-content\/uploads\/2023\/06\/Image3-1536x1152.jpg 1536w, https:\/\/www.maasaiherosafaris.com\/wp-content\/uploads\/2023\/06\/Image3-1200x900.jpg 1200w, https:\/\/www.maasaiherosafaris.com\/wp-content\/uploads\/2023\/06\/Image3-1980x1485.jpg 1980w, https:\/\/www.maasaiherosafaris.com\/wp-content\/uploads\/2023\/06\/Image3.jpg 2007w\" sizes=\"(max-width: 1030px) 100vw, 1030px\" \/><\/figure>\n\n\n\n<figure class=\"wp-block-image size-large\"><img decoding=\"async\" loading=\"lazy\" width=\"1030\" height=\"772\" data-id=\"4398\"  src=\"https:\/\/www.maasaiherosafaris.com\/wp-content\/uploads\/2023\/06\/Image4-1030x772.jpg\" alt=\"\" class=\"wp-image-4398\" srcset=\"https:\/\/www.maasaiherosafaris.com\/wp-content\/uploads\/2023\/06\/Image4-1030x772.jpg 1030w, https:\/\/www.maasaiherosafaris.com\/wp-content\/uploads\/2023\/06\/Image4-300x225.jpg 300w, https:\/\/www.maasaiherosafaris.com\/wp-content\/uploads\/2023\/06\/Image4-768x576.jpg 768w, https:\/\/www.maasaiherosafaris.com\/wp-content\/uploads\/2023\/06\/Image4-1536x1152.jpg 1536w, https:\/\/www.maasaiherosafaris.com\/wp-content\/uploads\/2023\/06\/Image4-1200x900.jpg 1200w, https:\/\/www.maasaiherosafaris.com\/wp-content\/uploads\/2023\/06\/Image4-1980x1485.jpg 1980w, https:\/\/www.maasaiherosafaris.com\/wp-content\/uploads\/2023\/06\/Image4.jpg 2007w\" sizes=\"(max-width: 1030px) 100vw, 1030px\" \/><\/figure>\n\n\n\n<figure class=\"wp-block-image size-large\"><img decoding=\"async\" loading=\"lazy\" width=\"1030\" height=\"772\" data-id=\"4405\"  src=\"https:\/\/www.maasaiherosafaris.com\/wp-content\/uploads\/2023\/06\/Image1-1030x772.jpg\" alt=\"\" class=\"wp-image-4405\" srcset=\"https:\/\/www.maasaiherosafaris.com\/wp-content\/uploads\/2023\/06\/Image1-1030x772.jpg 1030w, https:\/\/www.maasaiherosafaris.com\/wp-content\/uploads\/2023\/06\/Image1-300x225.jpg 300w, https:\/\/www.maasaiherosafaris.com\/wp-content\/uploads\/2023\/06\/Image1-768x576.jpg 768w, https:\/\/www.maasaiherosafaris.com\/wp-content\/uploads\/2023\/06\/Image1-1536x1152.jpg 1536w, https:\/\/www.maasaiherosafaris.com\/wp-content\/uploads\/2023\/06\/Image1-1200x900.jpg 1200w, https:\/\/www.maasaiherosafaris.com\/wp-content\/uploads\/2023\/06\/Image1-1980x1485.jpg 1980w, https:\/\/www.maasaiherosafaris.com\/wp-content\/uploads\/2023\/06\/Image1.jpg 2007w\" sizes=\"(max-width: 1030px) 100vw, 1030px\" \/><\/figure>\n<\/figure>\n\n\n\n<p><\/p>\n","protected":false},"excerpt":{"rendered":"<p>Pour un tourisme authentique et responsable&nbsp;! Il Maasai Hero Tours &amp; Safaris est une agence de voyage bas\u00e9e \u00e0 Arusha en Tanzanie. Elle est dirig\u00e9e par un Tanzanien et une Suissesse, Edgar Abelly &amp; Laure L\u00fcscher-Abplanalp. Edgar Abelly a travaill\u00e9 comme guide pendant plus de dix ans pour plusieurs agences, avant d\u2019ouvrir cette agence pour&hellip;<\/p>\n","protected":false},"author":1,"featured_media":0,"parent":0,"menu_order":2,"comment_status":"closed","ping_status":"closed","template":"tw-no-title.php","meta":[],"yoast_head":"<!-- This site is optimized with the Yoast SEO plugin v20.9 - https:\/\/yoast.com\/wordpress\/plugins\/seo\/ -->\n<title>\u00c0 propos - Maasai Hero Safaris<\/title>\n<meta name=\"robots\" content=\"index, follow, max-snippet:-1, max-image-preview:large, max-video-preview:-1\" \/>\n<link rel=\"canonical\" href=\"https:\/\/www.maasaiherosafaris.com\/fr\/a-propos\/\" \/>\n<meta property=\"og:locale\" content=\"fr_FR\" \/>\n<meta property=\"og:type\" content=\"article\" \/>\n<meta property=\"og:title\" content=\"\u00c0 propos - Maasai Hero Safaris\" \/>\n<meta property=\"og:description\" content=\"Pour un tourisme authentique et responsable&nbsp;! Il Maasai Hero Tours &amp; Safaris est une agence de voyage bas\u00e9e \u00e0 Arusha en Tanzanie. Elle est dirig\u00e9e par un Tanzanien et une Suissesse, Edgar Abelly &amp; Laure L\u00fcscher-Abplanalp. Edgar Abelly a travaill\u00e9 comme guide pendant plus de dix ans pour plusieurs agences, avant d\u2019ouvrir cette agence pour&hellip;\" \/>\n<meta property=\"og:url\" content=\"https:\/\/www.maasaiherosafaris.com\/fr\/a-propos\/\" \/>\n<meta property=\"og:site_name\" content=\"Maasai Hero Safaris\" \/>\n<meta property=\"article:modified_time\" content=\"2026-01-05T17:54:17+00:00\" \/>\n<meta property=\"og:image\" content=\"https:\/\/www.maasaiherosafaris.com\/wp-content\/uploads\/2023\/08\/thumbnail_Capture-decran-2023-08-19-a-20.21.15-1-829x1030.png\" \/>\n<meta name=\"twitter:card\" content=\"summary_large_image\" \/>\n<meta name=\"twitter:label1\" content=\"Dur\u00e9e de lecture estim\u00e9e\" \/>\n\t<meta name=\"twitter:data1\" content=\"4 minutes\" \/>\n<script type=\"application\/ld+json\" class=\"yoast-schema-graph\">{\"@context\":\"https:\/\/schema.org\",\"@graph\":[{\"@type\":\"WebPage\",\"@id\":\"https:\/\/www.maasaiherosafaris.com\/fr\/a-propos\/\",\"url\":\"https:\/\/www.maasaiherosafaris.com\/fr\/a-propos\/\",\"name\":\"\u00c0 propos - Maasai Hero Safaris\",\"isPartOf\":{\"@id\":\"https:\/\/www.maasaiherosafaris.com\/en\/#website\"},\"datePublished\":\"2020-07-28T11:50:13+00:00\",\"dateModified\":\"2026-01-05T17:54:17+00:00\",\"breadcrumb\":{\"@id\":\"https:\/\/www.maasaiherosafaris.com\/fr\/a-propos\/#breadcrumb\"},\"inLanguage\":\"fr-FR\",\"potentialAction\":[{\"@type\":\"ReadAction\",\"target\":[\"https:\/\/www.maasaiherosafaris.com\/fr\/a-propos\/\"]}]},{\"@type\":\"BreadcrumbList\",\"@id\":\"https:\/\/www.maasaiherosafaris.com\/fr\/a-propos\/#breadcrumb\",\"itemListElement\":[{\"@type\":\"ListItem\",\"position\":1,\"name\":\"Home\",\"item\":\"https:\/\/www.maasaiherosafaris.com\/fr\/\"},{\"@type\":\"ListItem\",\"position\":2,\"name\":\"\u00c0 propos\"}]},{\"@type\":\"WebSite\",\"@id\":\"https:\/\/www.maasaiherosafaris.com\/en\/#website\",\"url\":\"https:\/\/www.maasaiherosafaris.com\/en\/\",\"name\":\"Maasai Hero Safaris\",\"description\":\"Votre partenaire de voyages\",\"publisher\":{\"@id\":\"https:\/\/www.maasaiherosafaris.com\/en\/#organization\"},\"potentialAction\":[{\"@type\":\"SearchAction\",\"target\":{\"@type\":\"EntryPoint\",\"urlTemplate\":\"https:\/\/www.maasaiherosafaris.com\/en\/?s={search_term_string}\"},\"query-input\":\"required name=search_term_string\"}],\"inLanguage\":\"fr-FR\"},{\"@type\":\"Organization\",\"@id\":\"https:\/\/www.maasaiherosafaris.com\/en\/#organization\",\"name\":\"Maasai Hero Safaris\",\"url\":\"https:\/\/www.maasaiherosafaris.com\/en\/\",\"logo\":{\"@type\":\"ImageObject\",\"inLanguage\":\"fr-FR\",\"@id\":\"https:\/\/www.maasaiherosafaris.com\/en\/#\/schema\/logo\/image\/\",\"url\":\"https:\/\/www.maasaiherosafaris.com\/wp-content\/uploads\/2023\/06\/MAASAIHEROLOGO_ns.jpg2-removebg-preview.png\",\"contentUrl\":\"https:\/\/www.maasaiherosafaris.com\/wp-content\/uploads\/2023\/06\/MAASAIHEROLOGO_ns.jpg2-removebg-preview.png\",\"width\":501,\"height\":498,\"caption\":\"Maasai Hero Safaris\"},\"image\":{\"@id\":\"https:\/\/www.maasaiherosafaris.com\/en\/#\/schema\/logo\/image\/\"}}]}<\/script>\n<!-- \/ Yoast SEO plugin. -->","yoast_head_json":{"title":"\u00c0 propos - Maasai Hero Safaris","robots":{"index":"index","follow":"follow","max-snippet":"max-snippet:-1","max-image-preview":"max-image-preview:large","max-video-preview":"max-video-preview:-1"},"canonical":"https:\/\/www.maasaiherosafaris.com\/fr\/a-propos\/","og_locale":"fr_FR","og_type":"article","og_title":"\u00c0 propos - Maasai Hero Safaris","og_description":"Pour un tourisme authentique et responsable&nbsp;! Il Maasai Hero Tours &amp; Safaris est une agence de voyage bas\u00e9e \u00e0 Arusha en Tanzanie. Elle est dirig\u00e9e par un Tanzanien et une Suissesse, Edgar Abelly &amp; Laure L\u00fcscher-Abplanalp. Edgar Abelly a travaill\u00e9 comme guide pendant plus de dix ans pour plusieurs agences, avant d\u2019ouvrir cette agence pour&hellip;","og_url":"https:\/\/www.maasaiherosafaris.com\/fr\/a-propos\/","og_site_name":"Maasai Hero Safaris","article_modified_time":"2026-01-05T17:54:17+00:00","og_image":[{"url":"https:\/\/www.maasaiherosafaris.com\/wp-content\/uploads\/2023\/08\/thumbnail_Capture-decran-2023-08-19-a-20.21.15-1-829x1030.png"}],"twitter_card":"summary_large_image","twitter_misc":{"Dur\u00e9e de lecture estim\u00e9e":"4 minutes"},"schema":{"@context":"https:\/\/schema.org","@graph":[{"@type":"WebPage","@id":"https:\/\/www.maasaiherosafaris.com\/fr\/a-propos\/","url":"https:\/\/www.maasaiherosafaris.com\/fr\/a-propos\/","name":"\u00c0 propos - Maasai Hero Safaris","isPartOf":{"@id":"https:\/\/www.maasaiherosafaris.com\/en\/#website"},"datePublished":"2020-07-28T11:50:13+00:00","dateModified":"2026-01-05T17:54:17+00:00","breadcrumb":{"@id":"https:\/\/www.maasaiherosafaris.com\/fr\/a-propos\/#breadcrumb"},"inLanguage":"fr-FR","potentialAction":[{"@type":"ReadAction","target":["https:\/\/www.maasaiherosafaris.com\/fr\/a-propos\/"]}]},{"@type":"BreadcrumbList","@id":"https:\/\/www.maasaiherosafaris.com\/fr\/a-propos\/#breadcrumb","itemListElement":[{"@type":"ListItem","position":1,"name":"Home","item":"https:\/\/www.maasaiherosafaris.com\/fr\/"},{"@type":"ListItem","position":2,"name":"\u00c0 propos"}]},{"@type":"WebSite","@id":"https:\/\/www.maasaiherosafaris.com\/en\/#website","url":"https:\/\/www.maasaiherosafaris.com\/en\/","name":"Maasai Hero Safaris","description":"Votre partenaire de voyages","publisher":{"@id":"https:\/\/www.maasaiherosafaris.com\/en\/#organization"},"potentialAction":[{"@type":"SearchAction","target":{"@type":"EntryPoint","urlTemplate":"https:\/\/www.maasaiherosafaris.com\/en\/?s={search_term_string}"},"query-input":"required name=search_term_string"}],"inLanguage":"fr-FR"},{"@type":"Organization","@id":"https:\/\/www.maasaiherosafaris.com\/en\/#organization","name":"Maasai Hero Safaris","url":"https:\/\/www.maasaiherosafaris.com\/en\/","logo":{"@type":"ImageObject","inLanguage":"fr-FR","@id":"https:\/\/www.maasaiherosafaris.com\/en\/#\/schema\/logo\/image\/","url":"https:\/\/www.maasaiherosafaris.com\/wp-content\/uploads\/2023\/06\/MAASAIHEROLOGO_ns.jpg2-removebg-preview.png","contentUrl":"https:\/\/www.maasaiherosafaris.com\/wp-content\/uploads\/2023\/06\/MAASAIHEROLOGO_ns.jpg2-removebg-preview.png","width":501,"height":498,"caption":"Maasai Hero Safaris"},"image":{"@id":"https:\/\/www.maasaiherosafaris.com\/en\/#\/schema\/logo\/image\/"}}]}},"_links":{"self":[{"href":"https:\/\/www.maasaiherosafaris.com\/fr\/wp-json\/wp\/v2\/pages\/3431"}],"collection":[{"href":"https:\/\/www.maasaiherosafaris.com\/fr\/wp-json\/wp\/v2\/pages"}],"about":[{"href":"https:\/\/www.maasaiherosafaris.com\/fr\/wp-json\/wp\/v2\/types\/page"}],"author":[{"embeddable":true,"href":"https:\/\/www.maasaiherosafaris.com\/fr\/wp-json\/wp\/v2\/users\/1"}],"replies":[{"embeddable":true,"href":"https:\/\/www.maasaiherosafaris.com\/fr\/wp-json\/wp\/v2\/comments?post=3431"}],"version-history":[{"count":16,"href":"https:\/\/www.maasaiherosafaris.com\/fr\/wp-json\/wp\/v2\/pages\/3431\/revisions"}],"predecessor-version":[{"id":5765,"href":"https:\/\/www.maasaiherosafaris.com\/fr\/wp-json\/wp\/v2\/pages\/3431\/revisions\/5765"}],"wp:attachment":[{"href":"https:\/\/www.maasaiherosafaris.com\/fr\/wp-json\/wp\/v2\/media?parent=3431"}],"curies":[{"name":"wp","href":"https:\/\/api.w.org\/{rel}","templated":true}]}}