{"id":3440,"date":"2020-07-28T16:44:01","date_gmt":"2020-07-28T16:44:01","guid":{"rendered":"https:\/\/www.maasaiherosafaris.com\/prices\/"},"modified":"2023-06-26T14:02:11","modified_gmt":"2023-06-26T14:02:11","slug":"tarifs-frais","status":"publish","type":"page","link":"https:\/\/www.maasaiherosafaris.com\/fr\/tarifs-frais\/","title":{"rendered":"Tarifs &#038; frais"},"content":{"rendered":"\n<div class=\"wp-block-media-text alignfull has-media-on-the-right is-stacked-on-mobile is-image-fill tw-mb-0 tw-content-narrow is-style-tw-overlap has-background tw-stack-md\" style=\"background-color:#ffcb03;grid-template-columns:auto 45%\"><div class=\"wp-block-media-text__content\">\n<h1 class=\"wp-block-heading\">Offres<\/h1>\n\n\n\n<p>Les vols internationaux et int\u00e9rieurs ne sont pas compris dans les offres mais peuvent aussi \u00eatre organis\u00e9s par nos soins. Il faut compter environ 1300.\u2013 par personne en classe \u00e9co selon la saison avec Ethiopian ou Swiss.<\/p>\n<\/div><figure class=\"wp-block-media-text__media\" style=\"background-image:url(https:\/\/www.maasaiherosafaris.com\/wp-content\/uploads\/2020\/07\/maasai_hero_pangani_04-1030x773.jpg);background-position:50% 50%\"><img decoding=\"async\" loading=\"lazy\" width=\"1030\" height=\"773\" src=\"https:\/\/www.maasaiherosafaris.com\/wp-content\/uploads\/2020\/07\/maasai_hero_pangani_04-1030x773.jpg\" alt=\"\" class=\"wp-image-2414 size-full\" srcset=\"https:\/\/www.maasaiherosafaris.com\/wp-content\/uploads\/2020\/07\/maasai_hero_pangani_04-1030x773.jpg 1030w, https:\/\/www.maasaiherosafaris.com\/wp-content\/uploads\/2020\/07\/maasai_hero_pangani_04-300x225.jpg 300w, https:\/\/www.maasaiherosafaris.com\/wp-content\/uploads\/2020\/07\/maasai_hero_pangani_04-768x576.jpg 768w, https:\/\/www.maasaiherosafaris.com\/wp-content\/uploads\/2020\/07\/maasai_hero_pangani_04-1200x900.jpg 1200w, https:\/\/www.maasaiherosafaris.com\/wp-content\/uploads\/2020\/07\/maasai_hero_pangani_04.jpg 1500w\" sizes=\"(max-width: 1030px) 100vw, 1030px\" \/><\/figure><\/div>\n\n\n\n<p><strong>D\u00e9lais paiements<\/strong><br>\u00b7 Selon les conditions g\u00e9n\u00e9rales\u00a0: 30% du paiement est d\u00fb \u00e0 signature du contrat<br>\u00b7 Toutefois si vous vous inscrivez moins d&rsquo;un mois avant le d\u00e9part, vous aurez \u00e0 payer l&rsquo;int\u00e9gralit\u00e9 du total de la facture.<br>\u00b7 Vous devez solder votre voyage 60 jours avant le d\u00e9part sans rappel de notre part.<br>\u00b7 Voir les <em>conditions g\u00e9n\u00e9rales<\/em> pour plus de pr\u00e9cisions.<\/p>\n\n\n\n<p><strong>Informations pertinentes pour les safaris<\/strong><br>D\u00e8s 4 personnes, les prix sont d\u00e9gressifs.<\/p>\n\n\n\n<p>Le tarif comprend la pension compl\u00e8te. Tous les repas du matin et du soir sont pris \u00e0 l\u2019h\u00f4tel. Les repas de midi sont pris soit \u00e0 l\u2019h\u00f4tel (\u00e0 Natron et au Serengeti), soit ce sont des box \u00e0 pic-nic d\u00e9licieuses, concoct\u00e9es par les h\u00f4tels et mang\u00e9es dans des endroits idylliques au milieu de la nature, au milieu de \u201cnulle part\u201d.&nbsp;<\/p>\n\n\n\n<p>L\u2019eau est fournie \u00e0 volont\u00e9 tout au long du voyage.<\/p>\n\n\n\n<p>Tous les frais d\u2019entr\u00e9e dans les parcs, le salaire du guide, ainsi que les diff\u00e9rents frais annexes (guides \u00e0 Natron et pour les visites des deux tribus \u00e0 la fin du s\u00e9jour) sont compris dans le prix. Cela n\u2019exclut pas bien s\u00fbr quelques pourboires spontan\u00e9s sur place&nbsp;!<\/p>\n\n\n\n<p><strong><strong>Informations pertinentes pour les trekkings<\/strong><\/strong><br>Les prix comprennent&nbsp;:<br>\u00b7 Accueil et assistance de notre correspondant francophone<br>\u00b7 Nuits en chambre ou refuge selon le programme<br>\u00b7 Services d&rsquo;un guide de haute montagne francophone durant l&rsquo;ascension<br>\u00b7 Services d&rsquo;un cuisinier et pension compl\u00e8te<br>\u00b7 Services de porteurs<br>\u00b7 Mat\u00e9riel de camping, le mat\u00e9riel de cuisine collectif et individuel<br>\u00b7 Droits d&rsquo;entr\u00e9e dans les parcs et r\u00e9serves nationaux, camping et taxes   gouvernementales en vigueur.<\/p>\n","protected":false},"excerpt":{"rendered":"<p>Offres Les vols internationaux et int\u00e9rieurs ne sont pas compris dans les offres mais peuvent aussi \u00eatre organis\u00e9s par nos soins. Il faut compter environ 1300.\u2013 par personne en classe \u00e9co selon la saison avec Ethiopian ou Swiss. D\u00e9lais paiements\u00b7 Selon les conditions g\u00e9n\u00e9rales\u00a0: 30% du paiement est d\u00fb \u00e0 signature du contrat\u00b7 Toutefois si&hellip;<\/p>\n","protected":false},"author":1,"featured_media":2999,"parent":0,"menu_order":6,"comment_status":"closed","ping_status":"closed","template":"tw-no-title.php","meta":[],"yoast_head":"<!-- This site is optimized with the Yoast SEO plugin v20.9 - https:\/\/yoast.com\/wordpress\/plugins\/seo\/ -->\n<title>Tarifs &amp; frais - Maasai Hero Safaris<\/title>\n<meta name=\"robots\" content=\"index, follow, max-snippet:-1, max-image-preview:large, max-video-preview:-1\" \/>\n<link rel=\"canonical\" href=\"https:\/\/www.maasaiherosafaris.com\/fr\/tarifs-frais\/\" \/>\n<meta property=\"og:locale\" content=\"fr_FR\" \/>\n<meta property=\"og:type\" content=\"article\" \/>\n<meta property=\"og:title\" content=\"Tarifs &amp; frais - Maasai Hero Safaris\" \/>\n<meta property=\"og:description\" content=\"Offres Les vols internationaux et int\u00e9rieurs ne sont pas compris dans les offres mais peuvent aussi \u00eatre organis\u00e9s par nos soins. Il faut compter environ 1300.\u2013 par personne en classe \u00e9co selon la saison avec Ethiopian ou Swiss. D\u00e9lais paiements\u00b7 Selon les conditions g\u00e9n\u00e9rales\u00a0: 30% du paiement est d\u00fb \u00e0 signature du contrat\u00b7 Toutefois si&hellip;\" \/>\n<meta property=\"og:url\" content=\"https:\/\/www.maasaiherosafaris.com\/fr\/tarifs-frais\/\" \/>\n<meta property=\"og:site_name\" content=\"Maasai Hero Safaris\" \/>\n<meta property=\"article:modified_time\" content=\"2023-06-26T14:02:11+00:00\" \/>\n<meta property=\"og:image\" content=\"https:\/\/www.maasaiherosafaris.com\/wp-content\/uploads\/2020\/07\/P7220869-scaled.jpg\" \/>\n\t<meta property=\"og:image:width\" content=\"2560\" \/>\n\t<meta property=\"og:image:height\" content=\"1920\" \/>\n\t<meta property=\"og:image:type\" content=\"image\/jpeg\" \/>\n<meta name=\"twitter:card\" content=\"summary_large_image\" \/>\n<meta name=\"twitter:label1\" content=\"Dur\u00e9e de lecture estim\u00e9e\" \/>\n\t<meta name=\"twitter:data1\" content=\"2 minutes\" \/>\n<script type=\"application\/ld+json\" class=\"yoast-schema-graph\">{\"@context\":\"https:\/\/schema.org\",\"@graph\":[{\"@type\":\"WebPage\",\"@id\":\"https:\/\/www.maasaiherosafaris.com\/fr\/tarifs-frais\/\",\"url\":\"https:\/\/www.maasaiherosafaris.com\/fr\/tarifs-frais\/\",\"name\":\"Tarifs & frais - Maasai Hero Safaris\",\"isPartOf\":{\"@id\":\"https:\/\/www.maasaiherosafaris.com\/en\/#website\"},\"datePublished\":\"2020-07-28T16:44:01+00:00\",\"dateModified\":\"2023-06-26T14:02:11+00:00\",\"breadcrumb\":{\"@id\":\"https:\/\/www.maasaiherosafaris.com\/fr\/tarifs-frais\/#breadcrumb\"},\"inLanguage\":\"fr-FR\",\"potentialAction\":[{\"@type\":\"ReadAction\",\"target\":[\"https:\/\/www.maasaiherosafaris.com\/fr\/tarifs-frais\/\"]}]},{\"@type\":\"BreadcrumbList\",\"@id\":\"https:\/\/www.maasaiherosafaris.com\/fr\/tarifs-frais\/#breadcrumb\",\"itemListElement\":[{\"@type\":\"ListItem\",\"position\":1,\"name\":\"Home\",\"item\":\"https:\/\/www.maasaiherosafaris.com\/fr\/\"},{\"@type\":\"ListItem\",\"position\":2,\"name\":\"Tarifs &#038; frais\"}]},{\"@type\":\"WebSite\",\"@id\":\"https:\/\/www.maasaiherosafaris.com\/en\/#website\",\"url\":\"https:\/\/www.maasaiherosafaris.com\/en\/\",\"name\":\"Maasai Hero Safaris\",\"description\":\"Votre partenaire de voyages\",\"publisher\":{\"@id\":\"https:\/\/www.maasaiherosafaris.com\/en\/#organization\"},\"potentialAction\":[{\"@type\":\"SearchAction\",\"target\":{\"@type\":\"EntryPoint\",\"urlTemplate\":\"https:\/\/www.maasaiherosafaris.com\/en\/?s={search_term_string}\"},\"query-input\":\"required name=search_term_string\"}],\"inLanguage\":\"fr-FR\"},{\"@type\":\"Organization\",\"@id\":\"https:\/\/www.maasaiherosafaris.com\/en\/#organization\",\"name\":\"Maasai Hero Safaris\",\"url\":\"https:\/\/www.maasaiherosafaris.com\/en\/\",\"logo\":{\"@type\":\"ImageObject\",\"inLanguage\":\"fr-FR\",\"@id\":\"https:\/\/www.maasaiherosafaris.com\/en\/#\/schema\/logo\/image\/\",\"url\":\"https:\/\/www.maasaiherosafaris.com\/wp-content\/uploads\/2023\/06\/MAASAIHEROLOGO_ns.jpg2-removebg-preview.png\",\"contentUrl\":\"https:\/\/www.maasaiherosafaris.com\/wp-content\/uploads\/2023\/06\/MAASAIHEROLOGO_ns.jpg2-removebg-preview.png\",\"width\":501,\"height\":498,\"caption\":\"Maasai Hero Safaris\"},\"image\":{\"@id\":\"https:\/\/www.maasaiherosafaris.com\/en\/#\/schema\/logo\/image\/\"}}]}<\/script>\n<!-- \/ Yoast SEO plugin. -->","yoast_head_json":{"title":"Tarifs & frais - Maasai Hero Safaris","robots":{"index":"index","follow":"follow","max-snippet":"max-snippet:-1","max-image-preview":"max-image-preview:large","max-video-preview":"max-video-preview:-1"},"canonical":"https:\/\/www.maasaiherosafaris.com\/fr\/tarifs-frais\/","og_locale":"fr_FR","og_type":"article","og_title":"Tarifs & frais - Maasai Hero Safaris","og_description":"Offres Les vols internationaux et int\u00e9rieurs ne sont pas compris dans les offres mais peuvent aussi \u00eatre organis\u00e9s par nos soins. Il faut compter environ 1300.\u2013 par personne en classe \u00e9co selon la saison avec Ethiopian ou Swiss. D\u00e9lais paiements\u00b7 Selon les conditions g\u00e9n\u00e9rales\u00a0: 30% du paiement est d\u00fb \u00e0 signature du contrat\u00b7 Toutefois si&hellip;","og_url":"https:\/\/www.maasaiherosafaris.com\/fr\/tarifs-frais\/","og_site_name":"Maasai Hero Safaris","article_modified_time":"2023-06-26T14:02:11+00:00","og_image":[{"width":2560,"height":1920,"url":"https:\/\/www.maasaiherosafaris.com\/wp-content\/uploads\/2020\/07\/P7220869-scaled.jpg","type":"image\/jpeg"}],"twitter_card":"summary_large_image","twitter_misc":{"Dur\u00e9e de lecture estim\u00e9e":"2 minutes"},"schema":{"@context":"https:\/\/schema.org","@graph":[{"@type":"WebPage","@id":"https:\/\/www.maasaiherosafaris.com\/fr\/tarifs-frais\/","url":"https:\/\/www.maasaiherosafaris.com\/fr\/tarifs-frais\/","name":"Tarifs & frais - Maasai Hero Safaris","isPartOf":{"@id":"https:\/\/www.maasaiherosafaris.com\/en\/#website"},"datePublished":"2020-07-28T16:44:01+00:00","dateModified":"2023-06-26T14:02:11+00:00","breadcrumb":{"@id":"https:\/\/www.maasaiherosafaris.com\/fr\/tarifs-frais\/#breadcrumb"},"inLanguage":"fr-FR","potentialAction":[{"@type":"ReadAction","target":["https:\/\/www.maasaiherosafaris.com\/fr\/tarifs-frais\/"]}]},{"@type":"BreadcrumbList","@id":"https:\/\/www.maasaiherosafaris.com\/fr\/tarifs-frais\/#breadcrumb","itemListElement":[{"@type":"ListItem","position":1,"name":"Home","item":"https:\/\/www.maasaiherosafaris.com\/fr\/"},{"@type":"ListItem","position":2,"name":"Tarifs &#038; frais"}]},{"@type":"WebSite","@id":"https:\/\/www.maasaiherosafaris.com\/en\/#website","url":"https:\/\/www.maasaiherosafaris.com\/en\/","name":"Maasai Hero Safaris","description":"Votre partenaire de voyages","publisher":{"@id":"https:\/\/www.maasaiherosafaris.com\/en\/#organization"},"potentialAction":[{"@type":"SearchAction","target":{"@type":"EntryPoint","urlTemplate":"https:\/\/www.maasaiherosafaris.com\/en\/?s={search_term_string}"},"query-input":"required name=search_term_string"}],"inLanguage":"fr-FR"},{"@type":"Organization","@id":"https:\/\/www.maasaiherosafaris.com\/en\/#organization","name":"Maasai Hero Safaris","url":"https:\/\/www.maasaiherosafaris.com\/en\/","logo":{"@type":"ImageObject","inLanguage":"fr-FR","@id":"https:\/\/www.maasaiherosafaris.com\/en\/#\/schema\/logo\/image\/","url":"https:\/\/www.maasaiherosafaris.com\/wp-content\/uploads\/2023\/06\/MAASAIHEROLOGO_ns.jpg2-removebg-preview.png","contentUrl":"https:\/\/www.maasaiherosafaris.com\/wp-content\/uploads\/2023\/06\/MAASAIHEROLOGO_ns.jpg2-removebg-preview.png","width":501,"height":498,"caption":"Maasai Hero Safaris"},"image":{"@id":"https:\/\/www.maasaiherosafaris.com\/en\/#\/schema\/logo\/image\/"}}]}},"_links":{"self":[{"href":"https:\/\/www.maasaiherosafaris.com\/fr\/wp-json\/wp\/v2\/pages\/3440"}],"collection":[{"href":"https:\/\/www.maasaiherosafaris.com\/fr\/wp-json\/wp\/v2\/pages"}],"about":[{"href":"https:\/\/www.maasaiherosafaris.com\/fr\/wp-json\/wp\/v2\/types\/page"}],"author":[{"embeddable":true,"href":"https:\/\/www.maasaiherosafaris.com\/fr\/wp-json\/wp\/v2\/users\/1"}],"replies":[{"embeddable":true,"href":"https:\/\/www.maasaiherosafaris.com\/fr\/wp-json\/wp\/v2\/comments?post=3440"}],"version-history":[{"count":8,"href":"https:\/\/www.maasaiherosafaris.com\/fr\/wp-json\/wp\/v2\/pages\/3440\/revisions"}],"predecessor-version":[{"id":5039,"href":"https:\/\/www.maasaiherosafaris.com\/fr\/wp-json\/wp\/v2\/pages\/3440\/revisions\/5039"}],"wp:featuredmedia":[{"embeddable":true,"href":"https:\/\/www.maasaiherosafaris.com\/fr\/wp-json\/wp\/v2\/media\/2999"}],"wp:attachment":[{"href":"https:\/\/www.maasaiherosafaris.com\/fr\/wp-json\/wp\/v2\/media?parent=3440"}],"curies":[{"name":"wp","href":"https:\/\/api.w.org\/{rel}","templated":true}]}}