{"id":3443,"date":"2020-07-28T15:13:52","date_gmt":"2020-07-28T15:13:52","guid":{"rendered":"https:\/\/www.maasaiherosafaris.com\/before-leaving\/"},"modified":"2025-03-19T09:51:16","modified_gmt":"2025-03-19T09:51:16","slug":"avant-de-partir","status":"publish","type":"page","link":"https:\/\/www.maasaiherosafaris.com\/fr\/avant-de-partir\/","title":{"rendered":"Avant de partir"},"content":{"rendered":"\n<div class=\"wp-block-media-text alignfull has-media-on-the-right is-stacked-on-mobile is-image-fill tw-mb-0 tw-content-narrow is-style-tw-overlap has-background tw-stack-md\" style=\"background-color:#ffcb03;grid-template-columns:auto 40%\"><div class=\"wp-block-media-text__content\">\n<h1 class=\"wp-block-heading\">Avant de partir en Tanzanie<\/h1>\n<\/div><figure class=\"wp-block-media-text__media\" style=\"background-image:url(https:\/\/www.maasaiherosafaris.com\/wp-content\/uploads\/2022\/09\/kili2-3-1030x773.jpg);background-position:50% 50%\"><img decoding=\"async\" loading=\"lazy\" width=\"1030\" height=\"773\" src=\"https:\/\/www.maasaiherosafaris.com\/wp-content\/uploads\/2022\/09\/kili2-3-1030x773.jpg\" alt=\"\" class=\"wp-image-4316 size-full\" srcset=\"https:\/\/www.maasaiherosafaris.com\/wp-content\/uploads\/2022\/09\/kili2-3-1030x773.jpg 1030w, https:\/\/www.maasaiherosafaris.com\/wp-content\/uploads\/2022\/09\/kili2-3-300x225.jpg 300w, https:\/\/www.maasaiherosafaris.com\/wp-content\/uploads\/2022\/09\/kili2-3-768x576.jpg 768w, https:\/\/www.maasaiherosafaris.com\/wp-content\/uploads\/2022\/09\/kili2-3-1536x1152.jpg 1536w, https:\/\/www.maasaiherosafaris.com\/wp-content\/uploads\/2022\/09\/kili2-3-2048x1536.jpg 2048w, https:\/\/www.maasaiherosafaris.com\/wp-content\/uploads\/2022\/09\/kili2-3-1200x900.jpg 1200w, https:\/\/www.maasaiherosafaris.com\/wp-content\/uploads\/2022\/09\/kili2-3-1980x1485.jpg 1980w\" sizes=\"(max-width: 1030px) 100vw, 1030px\" \/><\/figure><\/div>\n\n\n\n<p><strong>Formalit\u00e9s d\u2019entr\u00e9e<\/strong><br>Pour entrer dans le pays, les Europ\u00e9ens doivent pr\u00e9senter un passeport valide encore six mois apr\u00e8s le retour ainsi qu\u2019un visa (50USD) facile \u00e0 faire \u00e0 l\u2019a\u00e9roport en arrivant. Il est aussi possible \u00e0 faire en ligne. <a href=\"https:\/\/eservices.immigration.go.tz\/visa\/\">https:\/\/eservices.immigration.go.tz\/visa\/<\/a><\/p>\n\n\n\n<p>Pour avoir le droit d\u2019entrer \u00e0 Zanzibar, une assurance (44USD), que vous obtenez strictement en ligne,<strong> <\/strong>est obligatoire.\u00a0<a href=\"https:\/\/visitzanzibar.go.tz\/insurance\" target=\"_blank\" rel=\"noreferrer noopener\">https:\/\/visitzanzibar.go.tz\/insurance<\/a><br><br>Si vous \u00eates plus de trois personnes dans la voiture, merci de prendre des <strong>sacs de voyage<\/strong> et <strong>non des<\/strong> <strong>valises<\/strong>, afin que l\u2019espace dans la voiture reste agr\u00e9able. Pour Zanzibar, un seul bagage est autoris\u00e9.<\/p>\n\n\n\n<p><strong>Sant\u00e9, vaccination<\/strong><br>Les vaccins sont facultatifs. V\u00e9rifier les exigences sur healthytravel.ch. Un traitement anti-palud\u00e9en est indispensable et pensez \u00e0 prendre un spray anti-moustiques.<br>Dans tous les cas, renseignez-vous aupr\u00e8s d\u2019un m\u00e9decin traitant ou d\u2019un sp\u00e9cialiste avant votre d\u00e9part.<br>Soins m\u00e9dicaux&nbsp;: les h\u00f4pitaux exigent une garantie financi\u00e8re avant de traiter les patients (Carte de cr\u00e9dit ou paiement d\u2019avance).<br>La diarrh\u00e9e du voyageur (turista) est souvent provoqu\u00e9e par l\u2019absorption d\u2019aliments contamin\u00e9s par des micros-organismes.&nbsp;Mains sales, crudit\u00e9s ou fruits pel\u00e9s dans des conditions douteuses, consommation d\u2019eau non bouillie sont les principales sources de la turista. La baignade dans une eau sale donnera le m\u00eame r\u00e9sultat. La diarrh\u00e9e peut \u00eatre progressive ou bien au contraire instantan\u00e9e, avec peut-\u00eatre des vomissements accompagn\u00e9s ou non de douleurs abdominales. Pensez donc \u00e0 vous munir d\u2019anti-diarrh\u00e9iques.<\/p>\n\n\n\n<p><strong>Heure locale<\/strong><br>La Tanzanie est en avance d\u2019une heure en \u00e9t\u00e9 et de deux heures en hiver sur l\u2019Europe continentale.<\/p>\n\n\n\n<p><strong>V\u00eatements<\/strong><br>Pr\u00e9voir un pull et un coupe-vent pour les nuits proches du crat\u00e8re ou en bivouac, ainsi que pour les s\u00e9jours en juillet et ao\u00fbt qui peuvent \u00eatre des saisons s\u00e8ches, mais froides. En effet, la temp\u00e9rature peut descendre la nuit \u00e0 4<sup>0<\/sup> \u00e0 5<sup>0<\/sup> C. (39<sup>0<\/sup>-41 F.) que l\u2019on ressent encore plus nettement \u00e9tant donn\u00e9 la temp\u00e9rature relativement \u00e9lev\u00e9e de la journ\u00e9e. Le port d\u2019un pantalon l\u00e9ger est conseill\u00e9 dans les parcs contre les insectes. Avoir une cr\u00e8me solaire n\u2019est pas inutile.<\/p>\n\n\n\n<p><strong>S\u00e9curit\u00e9<\/strong><br>En safari, peu ou pas de risques. Sur la c\u00f4te et dans les villes, ne vous exposez pas avec des bijoux et ne transportez pas de grosses sommes d\u2019argent. Ne portez pas de sac \u00e0 main. Utilisez le coffre de l\u2019h\u00f4tel pour tous vos documents et valeurs. Ne sortez pas apr\u00e8s 22h. Actuellement, il est vivement conseill\u00e9 de se promener avec un guide et sans sac ni valeurs apparentes dans Arusha, m\u00eame en journ\u00e9e. Renseignez-vous aupr\u00e8s de votre h\u00f4tel.<\/p>\n\n\n\n<p><strong>Langues<\/strong><br>Les langues officielles sont le kiswahili et l\u2019anglais. Mais 120 ethnies environ vivent en Tanzanie, chacune poss\u00e9dant sa propre langue. Au Nord, les Maasa\u00efs sont nombreux.<\/p>\n\n\n\n<p><strong>Electricit\u00e9<\/strong><br>230 volts, 50 hertz&nbsp;; prises \u00e0 fiches rondes ou \u00e0 trois fiches carr\u00e9es. Dans les lodges ou camps en safaris, il n\u2019y a que partiellement du courant dans des tentes pr\u00e9fix\u00e9es avec l\u2019acc\u00e8s \u00e0 un g\u00e9n\u00e9rateur.<\/p>\n\n\n\n<p><strong>Pourboires<\/strong><br>5 jours = 100$<br>6 jours = 120$<br>7 jours = 140$<br>Etc\u2026<br>Ceci est le tarif minimum par voiture pour 2 \u00e0 4 personnes. Libre \u00e0 vous de donner plus&nbsp;!<\/p>\n\n\n\n<p>5 jours = 150$<br>6 jours = 200$<br>7 jours =250$<br>Etc\u2026<br>Ceci est le tarif minimum par voiture pour 5 \u00e0 7 personnes. Libre \u00e0 vous de donner plus&nbsp;!<\/p>\n\n\n\n<p>Lorsque vous faites des excursions avec un guide local (au lac Natron et chez les Bushmen), merci de compter 20$ suppl\u00e9mentaires par voiture. Il faudra \u00e9galement pr\u00e9voir des dollars pour les chauffeurs, porteurs ainsi que pour le personnel des h\u00f4tels et des lodges dont le salaire initial tr\u00e8s modeste d\u00e9pend aussi de votre g\u00e9n\u00e9rosit\u00e9. Le montant est alors \u00e0 bien plaire, mais toujours le bienvenu.<\/p>\n\n\n\n<p><strong>L\u2019argent<\/strong><br>L\u2019unit\u00e9 mon\u00e9taire de la Tanzanie est le shilling (TZS)<br>1 $ = env. 2295 TZS<br>1000 TZS = env. 0,23$<br>Il existe des billets de 1000 \u00e0 10000 TZS et des pi\u00e8ces de 5 cents \u00e0 200 TZS.<br>Vous pouvez changer vos devises (de pr\u00e9f\u00e9rence des US$, mais aussi des Euros) dans n\u2019importe quelle succursale de la National Bank of Commerce ou dans un bureau de change officiel. Les cartes de cr\u00e9dit sont de plus en plus souvent accept\u00e9es, avec une pr\u00e9f\u00e9rence pour American Express ou Diners Club.<\/p>\n\n\n\n<p><strong>T\u00e9l\u00e9phone<\/strong><br>Le t\u00e9l\u00e9phone marche bien pour appeler \u00e0 l\u2019\u00e9tranger. Il faut compter un tarif d\u2019env. 2.50$ la minute. En g\u00e9n\u00e9ral, les h\u00f4tels ont le wifi.<\/p>\n\n\n\n<p><strong>Assurances<\/strong><br>L\u2019agence n\u2019assume aucune responsabilit\u00e9 en cas de maladie ou d\u2019accident durant le s\u00e9jour en Tanzanie. Il appartient donc au client de prendre les mesures n\u00e9cessaires pour couvrir ces risques.<\/p>\n\n\n\n<p><strong>En plus de vos bagages habituels, quelques suggestions&nbsp;:<\/strong><\/p>\n\n\n\n<p><strong>Habits<\/strong><br>&#8211; une bonne polaire pour le soir. Il peut faire vraiment frais apr\u00e8s le coucher du soleil.<br>&#8211; maillot de bain<br>&#8211; casquette ou chapeau<br>&#8211; Il fera chaud pendant la journ\u00e9e, mais si vous avez des pantalons l\u00e9gers et des pulls \u00e0 manches longues pour vous prot\u00e9ger du soleil pendant les safaris \u00e0 proprement parler et que le toit de la voiture est ouvert, c\u2019est bien.<br>&#8211; sandales qui vont dans l\u2019eau ou petites baskets pas dommage pour marcher dans l\u2019eau \u00e0 Natron.<br>&#8211; Shorts ou jupe. Attention \u00e0 votre habillement \u00e0 Zanzibar, \u00e0 80% musulmane.<\/p>\n\n\n\n<p><strong>Pharmacie de base<\/strong><br>&#8211; anti-malarique.<br>&#8211; anti-moustique genre broum et apr\u00e8s-moustique genre fenistil&nbsp;!<br>&#8211; parac\u00e9tamol<br>&#8211; carbo-levures<br>&#8211; d\u00e9sinfectant<br>&#8211; sparadrap<br>&#8211; cr\u00e8me solaire + apr\u00e8s-soleil&nbsp;<\/p>\n\n\n\n<p><strong>Divers<\/strong><br>&#8211; pr\u00e9voir de quoi payer les visas en liquide \u00e0 l\u2019arriv\u00e9e 50USD<br>&#8211; les consommations ne sont pas comprises dans les h\u00f4tels. L\u2019alcool est relativement cher. Le paiement par carte dans les h\u00f4tels n\u2019est pas favorable, car ils prennent une grosse commission sur les transactions.<br>&#8211; quelques souvenirs vous tenteront peut-\u00eatre. Vous pourrez les payer en USD ou en TSH.<br>&#8211; adaptateur universel (et pas seulement europ\u00e9en)<br>&#8211; jumelles<\/p>\n","protected":false},"excerpt":{"rendered":"<p>Avant de partir en Tanzanie Formalit\u00e9s d\u2019entr\u00e9ePour entrer dans le pays, les Europ\u00e9ens doivent pr\u00e9senter un passeport valide encore six mois apr\u00e8s le retour ainsi qu\u2019un visa (50USD) facile \u00e0 faire \u00e0 l\u2019a\u00e9roport en arrivant. Il est aussi possible \u00e0 faire en ligne. https:\/\/eservices.immigration.go.tz\/visa\/ Pour avoir le droit d\u2019entrer \u00e0 Zanzibar, une assurance (44USD), que&hellip;<\/p>\n","protected":false},"author":1,"featured_media":0,"parent":0,"menu_order":8,"comment_status":"closed","ping_status":"closed","template":"tw-no-title.php","meta":[],"yoast_head":"<!-- This site is optimized with the Yoast SEO plugin v20.9 - https:\/\/yoast.com\/wordpress\/plugins\/seo\/ -->\n<title>Avant de partir - Maasai Hero Safaris<\/title>\n<meta name=\"robots\" content=\"index, follow, max-snippet:-1, max-image-preview:large, max-video-preview:-1\" \/>\n<link rel=\"canonical\" href=\"https:\/\/www.maasaiherosafaris.com\/fr\/avant-de-partir\/\" \/>\n<meta property=\"og:locale\" content=\"fr_FR\" \/>\n<meta property=\"og:type\" content=\"article\" \/>\n<meta property=\"og:title\" content=\"Avant de partir - Maasai Hero Safaris\" \/>\n<meta property=\"og:description\" content=\"Avant de partir en Tanzanie Formalit\u00e9s d\u2019entr\u00e9ePour entrer dans le pays, les Europ\u00e9ens doivent pr\u00e9senter un passeport valide encore six mois apr\u00e8s le retour ainsi qu\u2019un visa (50USD) facile \u00e0 faire \u00e0 l\u2019a\u00e9roport en arrivant. Il est aussi possible \u00e0 faire en ligne. https:\/\/eservices.immigration.go.tz\/visa\/ Pour avoir le droit d\u2019entrer \u00e0 Zanzibar, une assurance (44USD), que&hellip;\" \/>\n<meta property=\"og:url\" content=\"https:\/\/www.maasaiherosafaris.com\/fr\/avant-de-partir\/\" \/>\n<meta property=\"og:site_name\" content=\"Maasai Hero Safaris\" \/>\n<meta property=\"article:modified_time\" content=\"2025-03-19T09:51:16+00:00\" \/>\n<meta property=\"og:image\" content=\"https:\/\/www.maasaiherosafaris.com\/wp-content\/uploads\/2022\/09\/kili2-3-1030x773.jpg\" \/>\n<meta name=\"twitter:card\" content=\"summary_large_image\" \/>\n<meta name=\"twitter:label1\" content=\"Dur\u00e9e de lecture estim\u00e9e\" \/>\n\t<meta name=\"twitter:data1\" content=\"5 minutes\" \/>\n<script type=\"application\/ld+json\" class=\"yoast-schema-graph\">{\"@context\":\"https:\/\/schema.org\",\"@graph\":[{\"@type\":\"WebPage\",\"@id\":\"https:\/\/www.maasaiherosafaris.com\/fr\/avant-de-partir\/\",\"url\":\"https:\/\/www.maasaiherosafaris.com\/fr\/avant-de-partir\/\",\"name\":\"Avant de partir - Maasai Hero Safaris\",\"isPartOf\":{\"@id\":\"https:\/\/www.maasaiherosafaris.com\/en\/#website\"},\"datePublished\":\"2020-07-28T15:13:52+00:00\",\"dateModified\":\"2025-03-19T09:51:16+00:00\",\"breadcrumb\":{\"@id\":\"https:\/\/www.maasaiherosafaris.com\/fr\/avant-de-partir\/#breadcrumb\"},\"inLanguage\":\"fr-FR\",\"potentialAction\":[{\"@type\":\"ReadAction\",\"target\":[\"https:\/\/www.maasaiherosafaris.com\/fr\/avant-de-partir\/\"]}]},{\"@type\":\"BreadcrumbList\",\"@id\":\"https:\/\/www.maasaiherosafaris.com\/fr\/avant-de-partir\/#breadcrumb\",\"itemListElement\":[{\"@type\":\"ListItem\",\"position\":1,\"name\":\"Home\",\"item\":\"https:\/\/www.maasaiherosafaris.com\/fr\/\"},{\"@type\":\"ListItem\",\"position\":2,\"name\":\"Avant de partir\"}]},{\"@type\":\"WebSite\",\"@id\":\"https:\/\/www.maasaiherosafaris.com\/en\/#website\",\"url\":\"https:\/\/www.maasaiherosafaris.com\/en\/\",\"name\":\"Maasai Hero Safaris\",\"description\":\"Votre partenaire de voyages\",\"publisher\":{\"@id\":\"https:\/\/www.maasaiherosafaris.com\/en\/#organization\"},\"potentialAction\":[{\"@type\":\"SearchAction\",\"target\":{\"@type\":\"EntryPoint\",\"urlTemplate\":\"https:\/\/www.maasaiherosafaris.com\/en\/?s={search_term_string}\"},\"query-input\":\"required name=search_term_string\"}],\"inLanguage\":\"fr-FR\"},{\"@type\":\"Organization\",\"@id\":\"https:\/\/www.maasaiherosafaris.com\/en\/#organization\",\"name\":\"Maasai Hero Safaris\",\"url\":\"https:\/\/www.maasaiherosafaris.com\/en\/\",\"logo\":{\"@type\":\"ImageObject\",\"inLanguage\":\"fr-FR\",\"@id\":\"https:\/\/www.maasaiherosafaris.com\/en\/#\/schema\/logo\/image\/\",\"url\":\"https:\/\/www.maasaiherosafaris.com\/wp-content\/uploads\/2023\/06\/MAASAIHEROLOGO_ns.jpg2-removebg-preview.png\",\"contentUrl\":\"https:\/\/www.maasaiherosafaris.com\/wp-content\/uploads\/2023\/06\/MAASAIHEROLOGO_ns.jpg2-removebg-preview.png\",\"width\":501,\"height\":498,\"caption\":\"Maasai Hero Safaris\"},\"image\":{\"@id\":\"https:\/\/www.maasaiherosafaris.com\/en\/#\/schema\/logo\/image\/\"}}]}<\/script>\n<!-- \/ Yoast SEO plugin. -->","yoast_head_json":{"title":"Avant de partir - Maasai Hero Safaris","robots":{"index":"index","follow":"follow","max-snippet":"max-snippet:-1","max-image-preview":"max-image-preview:large","max-video-preview":"max-video-preview:-1"},"canonical":"https:\/\/www.maasaiherosafaris.com\/fr\/avant-de-partir\/","og_locale":"fr_FR","og_type":"article","og_title":"Avant de partir - Maasai Hero Safaris","og_description":"Avant de partir en Tanzanie Formalit\u00e9s d\u2019entr\u00e9ePour entrer dans le pays, les Europ\u00e9ens doivent pr\u00e9senter un passeport valide encore six mois apr\u00e8s le retour ainsi qu\u2019un visa (50USD) facile \u00e0 faire \u00e0 l\u2019a\u00e9roport en arrivant. Il est aussi possible \u00e0 faire en ligne. https:\/\/eservices.immigration.go.tz\/visa\/ Pour avoir le droit d\u2019entrer \u00e0 Zanzibar, une assurance (44USD), que&hellip;","og_url":"https:\/\/www.maasaiherosafaris.com\/fr\/avant-de-partir\/","og_site_name":"Maasai Hero Safaris","article_modified_time":"2025-03-19T09:51:16+00:00","og_image":[{"url":"https:\/\/www.maasaiherosafaris.com\/wp-content\/uploads\/2022\/09\/kili2-3-1030x773.jpg"}],"twitter_card":"summary_large_image","twitter_misc":{"Dur\u00e9e de lecture estim\u00e9e":"5 minutes"},"schema":{"@context":"https:\/\/schema.org","@graph":[{"@type":"WebPage","@id":"https:\/\/www.maasaiherosafaris.com\/fr\/avant-de-partir\/","url":"https:\/\/www.maasaiherosafaris.com\/fr\/avant-de-partir\/","name":"Avant de partir - Maasai Hero Safaris","isPartOf":{"@id":"https:\/\/www.maasaiherosafaris.com\/en\/#website"},"datePublished":"2020-07-28T15:13:52+00:00","dateModified":"2025-03-19T09:51:16+00:00","breadcrumb":{"@id":"https:\/\/www.maasaiherosafaris.com\/fr\/avant-de-partir\/#breadcrumb"},"inLanguage":"fr-FR","potentialAction":[{"@type":"ReadAction","target":["https:\/\/www.maasaiherosafaris.com\/fr\/avant-de-partir\/"]}]},{"@type":"BreadcrumbList","@id":"https:\/\/www.maasaiherosafaris.com\/fr\/avant-de-partir\/#breadcrumb","itemListElement":[{"@type":"ListItem","position":1,"name":"Home","item":"https:\/\/www.maasaiherosafaris.com\/fr\/"},{"@type":"ListItem","position":2,"name":"Avant de partir"}]},{"@type":"WebSite","@id":"https:\/\/www.maasaiherosafaris.com\/en\/#website","url":"https:\/\/www.maasaiherosafaris.com\/en\/","name":"Maasai Hero Safaris","description":"Votre partenaire de voyages","publisher":{"@id":"https:\/\/www.maasaiherosafaris.com\/en\/#organization"},"potentialAction":[{"@type":"SearchAction","target":{"@type":"EntryPoint","urlTemplate":"https:\/\/www.maasaiherosafaris.com\/en\/?s={search_term_string}"},"query-input":"required name=search_term_string"}],"inLanguage":"fr-FR"},{"@type":"Organization","@id":"https:\/\/www.maasaiherosafaris.com\/en\/#organization","name":"Maasai Hero Safaris","url":"https:\/\/www.maasaiherosafaris.com\/en\/","logo":{"@type":"ImageObject","inLanguage":"fr-FR","@id":"https:\/\/www.maasaiherosafaris.com\/en\/#\/schema\/logo\/image\/","url":"https:\/\/www.maasaiherosafaris.com\/wp-content\/uploads\/2023\/06\/MAASAIHEROLOGO_ns.jpg2-removebg-preview.png","contentUrl":"https:\/\/www.maasaiherosafaris.com\/wp-content\/uploads\/2023\/06\/MAASAIHEROLOGO_ns.jpg2-removebg-preview.png","width":501,"height":498,"caption":"Maasai Hero Safaris"},"image":{"@id":"https:\/\/www.maasaiherosafaris.com\/en\/#\/schema\/logo\/image\/"}}]}},"_links":{"self":[{"href":"https:\/\/www.maasaiherosafaris.com\/fr\/wp-json\/wp\/v2\/pages\/3443"}],"collection":[{"href":"https:\/\/www.maasaiherosafaris.com\/fr\/wp-json\/wp\/v2\/pages"}],"about":[{"href":"https:\/\/www.maasaiherosafaris.com\/fr\/wp-json\/wp\/v2\/types\/page"}],"author":[{"embeddable":true,"href":"https:\/\/www.maasaiherosafaris.com\/fr\/wp-json\/wp\/v2\/users\/1"}],"replies":[{"embeddable":true,"href":"https:\/\/www.maasaiherosafaris.com\/fr\/wp-json\/wp\/v2\/comments?post=3443"}],"version-history":[{"count":11,"href":"https:\/\/www.maasaiherosafaris.com\/fr\/wp-json\/wp\/v2\/pages\/3443\/revisions"}],"predecessor-version":[{"id":5692,"href":"https:\/\/www.maasaiherosafaris.com\/fr\/wp-json\/wp\/v2\/pages\/3443\/revisions\/5692"}],"wp:attachment":[{"href":"https:\/\/www.maasaiherosafaris.com\/fr\/wp-json\/wp\/v2\/media?parent=3443"}],"curies":[{"name":"wp","href":"https:\/\/api.w.org\/{rel}","templated":true}]}}