{"id":4486,"date":"2023-06-22T14:23:32","date_gmt":"2023-06-22T14:23:32","guid":{"rendered":"https:\/\/www.maasaiherosafaris.com\/?page_id=4486"},"modified":"2024-11-28T14:34:25","modified_gmt":"2024-11-28T14:34:25","slug":"logement","status":"publish","type":"page","link":"https:\/\/www.maasaiherosafaris.com\/fr\/logement\/","title":{"rendered":"Logement"},"content":{"rendered":"\n<div class=\"wp-block-media-text alignfull has-media-on-the-right is-stacked-on-mobile is-image-fill tw-mb-0 tw-content-narrow is-style-tw-overlap has-background tw-stack-md\" style=\"background-color:#ffcb03;grid-template-columns:auto 38%\"><div class=\"wp-block-media-text__content\">\n<h4 class=\"wp-block-heading\">Nous proposons diff\u00e9rentes possibilit\u00e9s de logement<\/h4>\n<\/div><figure class=\"wp-block-media-text__media\" style=\"background-image:url(https:\/\/www.maasaiherosafaris.com\/wp-content\/uploads\/2024\/11\/a-propos-1ere-photo.jpeg);background-position:50% 50%\"><img decoding=\"async\" loading=\"lazy\" width=\"960\" height=\"540\" src=\"https:\/\/www.maasaiherosafaris.com\/wp-content\/uploads\/2024\/11\/a-propos-1ere-photo.jpeg\" alt=\"\" class=\"wp-image-5446 size-full\" srcset=\"https:\/\/www.maasaiherosafaris.com\/wp-content\/uploads\/2024\/11\/a-propos-1ere-photo.jpeg 960w, https:\/\/www.maasaiherosafaris.com\/wp-content\/uploads\/2024\/11\/a-propos-1ere-photo-300x169.jpeg 300w, https:\/\/www.maasaiherosafaris.com\/wp-content\/uploads\/2024\/11\/a-propos-1ere-photo-768x432.jpeg 768w\" sizes=\"(max-width: 960px) 100vw, 960px\" \/><\/figure><\/div>\n\n\n\n<p>Tous les safaris peuvent se faire en logeant sous tente dans des campings.<\/p>\n\n\n\n<figure class=\"wp-block-gallery has-nested-images columns-default is-cropped wp-block-gallery-1 is-layout-flex\">\n<figure class=\"wp-block-image size-large\"><img decoding=\"async\" loading=\"lazy\" width=\"1030\" height=\"772\" data-id=\"4432\"  src=\"https:\/\/www.maasaiherosafaris.com\/wp-content\/uploads\/2023\/06\/Image1-2-1030x772.jpg\" alt=\"\" class=\"wp-image-4432\" srcset=\"https:\/\/www.maasaiherosafaris.com\/wp-content\/uploads\/2023\/06\/Image1-2-1030x772.jpg 1030w, https:\/\/www.maasaiherosafaris.com\/wp-content\/uploads\/2023\/06\/Image1-2-300x225.jpg 300w, https:\/\/www.maasaiherosafaris.com\/wp-content\/uploads\/2023\/06\/Image1-2-768x576.jpg 768w, https:\/\/www.maasaiherosafaris.com\/wp-content\/uploads\/2023\/06\/Image1-2-1200x900.jpg 1200w, https:\/\/www.maasaiherosafaris.com\/wp-content\/uploads\/2023\/06\/Image1-2.jpg 1523w\" sizes=\"(max-width: 1030px) 100vw, 1030px\" \/><\/figure>\n\n\n\n<figure class=\"wp-block-image size-large\"><img decoding=\"async\" loading=\"lazy\" width=\"1030\" height=\"773\" data-id=\"4435\"  src=\"https:\/\/www.maasaiherosafaris.com\/wp-content\/uploads\/2023\/06\/Image2-2-1030x773.jpg\" alt=\"\" class=\"wp-image-4435\" srcset=\"https:\/\/www.maasaiherosafaris.com\/wp-content\/uploads\/2023\/06\/Image2-2-1030x773.jpg 1030w, https:\/\/www.maasaiherosafaris.com\/wp-content\/uploads\/2023\/06\/Image2-2-300x225.jpg 300w, https:\/\/www.maasaiherosafaris.com\/wp-content\/uploads\/2023\/06\/Image2-2-768x576.jpg 768w, https:\/\/www.maasaiherosafaris.com\/wp-content\/uploads\/2023\/06\/Image2-2-1536x1153.jpg 1536w, https:\/\/www.maasaiherosafaris.com\/wp-content\/uploads\/2023\/06\/Image2-2-1200x901.jpg 1200w, https:\/\/www.maasaiherosafaris.com\/wp-content\/uploads\/2023\/06\/Image2-2.jpg 1579w\" sizes=\"(max-width: 1030px) 100vw, 1030px\" \/><\/figure>\n\n\n\n<figure class=\"wp-block-image size-large\"><img decoding=\"async\" loading=\"lazy\" width=\"1030\" height=\"580\" data-id=\"4429\"  src=\"https:\/\/www.maasaiherosafaris.com\/wp-content\/uploads\/2023\/06\/Image3-2-1030x580.jpg\" alt=\"\" class=\"wp-image-4429\" srcset=\"https:\/\/www.maasaiherosafaris.com\/wp-content\/uploads\/2023\/06\/Image3-2-1030x580.jpg 1030w, https:\/\/www.maasaiherosafaris.com\/wp-content\/uploads\/2023\/06\/Image3-2-300x169.jpg 300w, https:\/\/www.maasaiherosafaris.com\/wp-content\/uploads\/2023\/06\/Image3-2-768x433.jpg 768w, https:\/\/www.maasaiherosafaris.com\/wp-content\/uploads\/2023\/06\/Image3-2-1200x676.jpg 1200w, https:\/\/www.maasaiherosafaris.com\/wp-content\/uploads\/2023\/06\/Image3-2.jpg 1534w\" sizes=\"(max-width: 1030px) 100vw, 1030px\" \/><\/figure>\n\n\n\n<figure class=\"wp-block-image size-large\"><img decoding=\"async\" loading=\"lazy\" width=\"1030\" height=\"772\" data-id=\"4438\"  src=\"https:\/\/www.maasaiherosafaris.com\/wp-content\/uploads\/2023\/06\/Image4-2-1030x772.jpg\" alt=\"\" class=\"wp-image-4438\" srcset=\"https:\/\/www.maasaiherosafaris.com\/wp-content\/uploads\/2023\/06\/Image4-2-1030x772.jpg 1030w, https:\/\/www.maasaiherosafaris.com\/wp-content\/uploads\/2023\/06\/Image4-2-300x225.jpg 300w, https:\/\/www.maasaiherosafaris.com\/wp-content\/uploads\/2023\/06\/Image4-2-768x576.jpg 768w, https:\/\/www.maasaiherosafaris.com\/wp-content\/uploads\/2023\/06\/Image4-2-1536x1152.jpg 1536w, https:\/\/www.maasaiherosafaris.com\/wp-content\/uploads\/2023\/06\/Image4-2-1200x900.jpg 1200w, https:\/\/www.maasaiherosafaris.com\/wp-content\/uploads\/2023\/06\/Image4-2.jpg 1539w\" sizes=\"(max-width: 1030px) 100vw, 1030px\" \/><\/figure>\n<\/figure>\n\n\n\n<p>Il est aussi possible de dormir dans des camps mobiles qui sont d\u00e9plac\u00e9s au gr\u00e9 des migrations. Au centre du Serengeti, dans le Tarangire, et au bord du crat\u00e8re du Ngorongoro les camps sont fixes. Ces lieux sont appel\u00e9s <em>tented camps<\/em> ou <em>luxury tented camps<\/em> selon leur cat\u00e9gorie.<\/p>\n\n\n\n<p><strong>Tented camps (cat\u00e9gorie standard sup\u00e9rieur)<\/strong><\/p>\n\n\n\n<figure class=\"wp-block-gallery has-nested-images columns-default is-cropped wp-block-gallery-3 is-layout-flex\">\n<figure class=\"wp-block-image size-large\"><img decoding=\"async\" loading=\"lazy\" width=\"1030\" height=\"773\" data-id=\"4447\"  src=\"https:\/\/www.maasaiherosafaris.com\/wp-content\/uploads\/2023\/06\/Image5-1030x773.jpg\" alt=\"\" class=\"wp-image-4447\" srcset=\"https:\/\/www.maasaiherosafaris.com\/wp-content\/uploads\/2023\/06\/Image5-1030x773.jpg 1030w, https:\/\/www.maasaiherosafaris.com\/wp-content\/uploads\/2023\/06\/Image5-300x225.jpg 300w, https:\/\/www.maasaiherosafaris.com\/wp-content\/uploads\/2023\/06\/Image5-768x576.jpg 768w, https:\/\/www.maasaiherosafaris.com\/wp-content\/uploads\/2023\/06\/Image5-1536x1153.jpg 1536w, https:\/\/www.maasaiherosafaris.com\/wp-content\/uploads\/2023\/06\/Image5-1200x900.jpg 1200w, https:\/\/www.maasaiherosafaris.com\/wp-content\/uploads\/2023\/06\/Image5-1980x1486.jpg 1980w, https:\/\/www.maasaiherosafaris.com\/wp-content\/uploads\/2023\/06\/Image5.jpg 1995w\" sizes=\"(max-width: 1030px) 100vw, 1030px\" \/><\/figure>\n\n\n\n<figure class=\"wp-block-image size-large\"><img decoding=\"async\" loading=\"lazy\" width=\"1030\" height=\"773\" data-id=\"4450\"  src=\"https:\/\/www.maasaiherosafaris.com\/wp-content\/uploads\/2023\/06\/Image6-1030x773.jpg\" alt=\"\" class=\"wp-image-4450\" srcset=\"https:\/\/www.maasaiherosafaris.com\/wp-content\/uploads\/2023\/06\/Image6-1030x773.jpg 1030w, https:\/\/www.maasaiherosafaris.com\/wp-content\/uploads\/2023\/06\/Image6-300x225.jpg 300w, https:\/\/www.maasaiherosafaris.com\/wp-content\/uploads\/2023\/06\/Image6-768x576.jpg 768w, https:\/\/www.maasaiherosafaris.com\/wp-content\/uploads\/2023\/06\/Image6-1536x1152.jpg 1536w, https:\/\/www.maasaiherosafaris.com\/wp-content\/uploads\/2023\/06\/Image6-1200x900.jpg 1200w, https:\/\/www.maasaiherosafaris.com\/wp-content\/uploads\/2023\/06\/Image6-1980x1485.jpg 1980w, https:\/\/www.maasaiherosafaris.com\/wp-content\/uploads\/2023\/06\/Image6.jpg 1985w\" sizes=\"(max-width: 1030px) 100vw, 1030px\" \/><\/figure>\n\n\n\n<figure class=\"wp-block-image size-large\"><img decoding=\"async\" loading=\"lazy\" width=\"493\" height=\"370\" data-id=\"4441\"  src=\"https:\/\/www.maasaiherosafaris.com\/wp-content\/uploads\/2023\/06\/Image7.jpg\" alt=\"\" class=\"wp-image-4441\" srcset=\"https:\/\/www.maasaiherosafaris.com\/wp-content\/uploads\/2023\/06\/Image7.jpg 493w, https:\/\/www.maasaiherosafaris.com\/wp-content\/uploads\/2023\/06\/Image7-300x225.jpg 300w\" sizes=\"(max-width: 493px) 100vw, 493px\" \/><\/figure>\n\n\n\n<figure class=\"wp-block-image size-large\"><img decoding=\"async\" loading=\"lazy\" width=\"1030\" height=\"773\" data-id=\"5450\"  src=\"https:\/\/www.maasaiherosafaris.com\/wp-content\/uploads\/2024\/11\/2e-photo-a-propos-logement-1030x773.jpg\" alt=\"\" class=\"wp-image-5450\" srcset=\"https:\/\/www.maasaiherosafaris.com\/wp-content\/uploads\/2024\/11\/2e-photo-a-propos-logement-1030x773.jpg 1030w, https:\/\/www.maasaiherosafaris.com\/wp-content\/uploads\/2024\/11\/2e-photo-a-propos-logement-300x225.jpg 300w, https:\/\/www.maasaiherosafaris.com\/wp-content\/uploads\/2024\/11\/2e-photo-a-propos-logement-768x576.jpg 768w, https:\/\/www.maasaiherosafaris.com\/wp-content\/uploads\/2024\/11\/2e-photo-a-propos-logement-1536x1152.jpg 1536w, https:\/\/www.maasaiherosafaris.com\/wp-content\/uploads\/2024\/11\/2e-photo-a-propos-logement-2048x1536.jpg 2048w, https:\/\/www.maasaiherosafaris.com\/wp-content\/uploads\/2024\/11\/2e-photo-a-propos-logement-1200x900.jpg 1200w, https:\/\/www.maasaiherosafaris.com\/wp-content\/uploads\/2024\/11\/2e-photo-a-propos-logement-1980x1485.jpg 1980w\" sizes=\"(max-width: 1030px) 100vw, 1030px\" \/><\/figure>\n<\/figure>\n\n\n\n<p><strong><strong>Luxury tented camps (cat\u00e9gorie luxe)<\/strong><\/strong><\/p>\n\n\n\n<figure class=\"wp-block-gallery has-nested-images columns-default is-cropped wp-block-gallery-5 is-layout-flex\">\n<figure class=\"wp-block-image size-large\"><img decoding=\"async\" loading=\"lazy\" width=\"400\" height=\"300\" data-id=\"4462\"  src=\"https:\/\/www.maasaiherosafaris.com\/wp-content\/uploads\/2023\/06\/Image9.jpg\" alt=\"\" class=\"wp-image-4462\" srcset=\"https:\/\/www.maasaiherosafaris.com\/wp-content\/uploads\/2023\/06\/Image9.jpg 400w, https:\/\/www.maasaiherosafaris.com\/wp-content\/uploads\/2023\/06\/Image9-300x225.jpg 300w\" sizes=\"(max-width: 400px) 100vw, 400px\" \/><\/figure>\n\n\n\n<figure class=\"wp-block-image size-full\"><img decoding=\"async\" loading=\"lazy\" width=\"401\" height=\"301\" data-id=\"4454\"  src=\"https:\/\/www.maasaiherosafaris.com\/wp-content\/uploads\/2023\/06\/Image10-1.jpg\" alt=\"\" class=\"wp-image-4454\" srcset=\"https:\/\/www.maasaiherosafaris.com\/wp-content\/uploads\/2023\/06\/Image10-1.jpg 401w, https:\/\/www.maasaiherosafaris.com\/wp-content\/uploads\/2023\/06\/Image10-1-300x225.jpg 300w\" sizes=\"(max-width: 401px) 100vw, 401px\" \/><\/figure>\n\n\n\n<figure class=\"wp-block-image size-large\"><img decoding=\"async\" loading=\"lazy\" width=\"1030\" height=\"580\" data-id=\"4466\"  src=\"https:\/\/www.maasaiherosafaris.com\/wp-content\/uploads\/2023\/06\/Image11-1030x580.jpg\" alt=\"\" class=\"wp-image-4466\" srcset=\"https:\/\/www.maasaiherosafaris.com\/wp-content\/uploads\/2023\/06\/Image11-1030x580.jpg 1030w, https:\/\/www.maasaiherosafaris.com\/wp-content\/uploads\/2023\/06\/Image11-300x169.jpg 300w, https:\/\/www.maasaiherosafaris.com\/wp-content\/uploads\/2023\/06\/Image11-768x432.jpg 768w, https:\/\/www.maasaiherosafaris.com\/wp-content\/uploads\/2023\/06\/Image11-1536x865.jpg 1536w, https:\/\/www.maasaiherosafaris.com\/wp-content\/uploads\/2023\/06\/Image11-1200x675.jpg 1200w, https:\/\/www.maasaiherosafaris.com\/wp-content\/uploads\/2023\/06\/Image11.jpg 1782w\" sizes=\"(max-width: 1030px) 100vw, 1030px\" \/><\/figure>\n\n\n\n<figure class=\"wp-block-image size-large\"><img decoding=\"async\" loading=\"lazy\" width=\"427\" height=\"320\" data-id=\"4453\"  src=\"https:\/\/www.maasaiherosafaris.com\/wp-content\/uploads\/2023\/06\/Image12.jpg\" alt=\"\" class=\"wp-image-4453\" srcset=\"https:\/\/www.maasaiherosafaris.com\/wp-content\/uploads\/2023\/06\/Image12.jpg 427w, https:\/\/www.maasaiherosafaris.com\/wp-content\/uploads\/2023\/06\/Image12-300x225.jpg 300w\" sizes=\"(max-width: 427px) 100vw, 427px\" \/><\/figure>\n\n\n\n<figure class=\"wp-block-image size-large\"><img decoding=\"async\" loading=\"lazy\" width=\"354\" height=\"265\" data-id=\"4460\"  src=\"https:\/\/www.maasaiherosafaris.com\/wp-content\/uploads\/2023\/06\/Image13.jpg\" alt=\"\" class=\"wp-image-4460\" srcset=\"https:\/\/www.maasaiherosafaris.com\/wp-content\/uploads\/2023\/06\/Image13.jpg 354w, https:\/\/www.maasaiherosafaris.com\/wp-content\/uploads\/2023\/06\/Image13-300x225.jpg 300w\" sizes=\"(max-width: 354px) 100vw, 354px\" \/><\/figure>\n\n\n\n<figure class=\"wp-block-image size-large\"><img decoding=\"async\" loading=\"lazy\" width=\"355\" height=\"266\" data-id=\"4456\"  src=\"https:\/\/www.maasaiherosafaris.com\/wp-content\/uploads\/2023\/06\/Image14.jpg\" alt=\"\" class=\"wp-image-4456\" srcset=\"https:\/\/www.maasaiherosafaris.com\/wp-content\/uploads\/2023\/06\/Image14.jpg 355w, https:\/\/www.maasaiherosafaris.com\/wp-content\/uploads\/2023\/06\/Image14-300x225.jpg 300w\" sizes=\"(max-width: 355px) 100vw, 355px\" \/><\/figure>\n<\/figure>\n\n\n\n<p>A Karatu ou Arusha, si vous ne faites pas de camping, vous dormirez dans des maisons en dur. (Cat\u00e9gorie standard-sup\u00e9rieur)<\/p>\n\n\n\n<figure class=\"wp-block-gallery has-nested-images columns-default is-cropped wp-block-gallery-7 is-layout-flex\">\n<figure class=\"wp-block-image size-large\"><img decoding=\"async\" loading=\"lazy\" width=\"493\" height=\"227\" data-id=\"4476\"  src=\"https:\/\/www.maasaiherosafaris.com\/wp-content\/uploads\/2023\/06\/Image15.jpg\" alt=\"\" class=\"wp-image-4476\" srcset=\"https:\/\/www.maasaiherosafaris.com\/wp-content\/uploads\/2023\/06\/Image15.jpg 493w, https:\/\/www.maasaiherosafaris.com\/wp-content\/uploads\/2023\/06\/Image15-300x138.jpg 300w\" sizes=\"(max-width: 493px) 100vw, 493px\" \/><\/figure>\n\n\n\n<figure class=\"wp-block-image size-large\"><img decoding=\"async\" loading=\"lazy\" width=\"493\" height=\"227\" data-id=\"4469\"  src=\"https:\/\/www.maasaiherosafaris.com\/wp-content\/uploads\/2023\/06\/Image16.jpg\" alt=\"\" class=\"wp-image-4469\" srcset=\"https:\/\/www.maasaiherosafaris.com\/wp-content\/uploads\/2023\/06\/Image16.jpg 493w, https:\/\/www.maasaiherosafaris.com\/wp-content\/uploads\/2023\/06\/Image16-300x138.jpg 300w\" sizes=\"(max-width: 493px) 100vw, 493px\" \/><\/figure>\n\n\n\n<figure class=\"wp-block-image size-large\"><img decoding=\"async\" loading=\"lazy\" width=\"462\" height=\"346\" data-id=\"4474\"  src=\"https:\/\/www.maasaiherosafaris.com\/wp-content\/uploads\/2023\/06\/Image17.jpg\" alt=\"\" class=\"wp-image-4474\" srcset=\"https:\/\/www.maasaiherosafaris.com\/wp-content\/uploads\/2023\/06\/Image17.jpg 462w, https:\/\/www.maasaiherosafaris.com\/wp-content\/uploads\/2023\/06\/Image17-300x225.jpg 300w\" sizes=\"(max-width: 462px) 100vw, 462px\" \/><\/figure>\n\n\n\n<figure class=\"wp-block-image size-large\"><img decoding=\"async\" loading=\"lazy\" width=\"493\" height=\"370\" data-id=\"4478\"  src=\"https:\/\/www.maasaiherosafaris.com\/wp-content\/uploads\/2023\/06\/Image18.jpg\" alt=\"\" class=\"wp-image-4478\" srcset=\"https:\/\/www.maasaiherosafaris.com\/wp-content\/uploads\/2023\/06\/Image18.jpg 493w, https:\/\/www.maasaiherosafaris.com\/wp-content\/uploads\/2023\/06\/Image18-300x225.jpg 300w\" sizes=\"(max-width: 493px) 100vw, 493px\" \/><\/figure>\n\n\n\n<figure class=\"wp-block-image size-large\"><img decoding=\"async\" loading=\"lazy\" width=\"493\" height=\"370\" data-id=\"4471\"  src=\"https:\/\/www.maasaiherosafaris.com\/wp-content\/uploads\/2023\/06\/Image19.jpg\" alt=\"\" class=\"wp-image-4471\" srcset=\"https:\/\/www.maasaiherosafaris.com\/wp-content\/uploads\/2023\/06\/Image19.jpg 493w, https:\/\/www.maasaiherosafaris.com\/wp-content\/uploads\/2023\/06\/Image19-300x225.jpg 300w\" sizes=\"(max-width: 493px) 100vw, 493px\" \/><\/figure>\n\n\n\n<figure class=\"wp-block-image size-full\"><img decoding=\"async\" loading=\"lazy\" width=\"493\" height=\"370\" data-id=\"4472\"  src=\"https:\/\/www.maasaiherosafaris.com\/wp-content\/uploads\/2023\/06\/Image20.jpg\" alt=\"\" class=\"wp-image-4472\" srcset=\"https:\/\/www.maasaiherosafaris.com\/wp-content\/uploads\/2023\/06\/Image20.jpg 493w, https:\/\/www.maasaiherosafaris.com\/wp-content\/uploads\/2023\/06\/Image20-300x225.jpg 300w\" sizes=\"(max-width: 493px) 100vw, 493px\" \/><\/figure>\n<\/figure>\n","protected":false},"excerpt":{"rendered":"<p>Nous proposons diff\u00e9rentes possibilit\u00e9s de logement Tous les safaris peuvent se faire en logeant sous tente dans des campings. Il est aussi possible de dormir dans des camps mobiles qui sont d\u00e9plac\u00e9s au gr\u00e9 des migrations. Au centre du Serengeti, dans le Tarangire, et au bord du crat\u00e8re du Ngorongoro les camps sont fixes. Ces&hellip;<\/p>\n","protected":false},"author":4,"featured_media":0,"parent":0,"menu_order":0,"comment_status":"closed","ping_status":"closed","template":"","meta":[],"yoast_head":"<!-- This site is optimized with the Yoast SEO plugin v20.9 - https:\/\/yoast.com\/wordpress\/plugins\/seo\/ -->\n<title>Logement - Maasai Hero Safaris<\/title>\n<meta name=\"robots\" content=\"index, follow, max-snippet:-1, max-image-preview:large, max-video-preview:-1\" \/>\n<link rel=\"canonical\" href=\"https:\/\/www.maasaiherosafaris.com\/fr\/logement\/\" \/>\n<meta property=\"og:locale\" content=\"fr_FR\" \/>\n<meta property=\"og:type\" content=\"article\" \/>\n<meta property=\"og:title\" content=\"Logement - Maasai Hero Safaris\" \/>\n<meta property=\"og:description\" content=\"Nous proposons diff\u00e9rentes possibilit\u00e9s de logement Tous les safaris peuvent se faire en logeant sous tente dans des campings. Il est aussi possible de dormir dans des camps mobiles qui sont d\u00e9plac\u00e9s au gr\u00e9 des migrations. Au centre du Serengeti, dans le Tarangire, et au bord du crat\u00e8re du Ngorongoro les camps sont fixes. Ces&hellip;\" \/>\n<meta property=\"og:url\" content=\"https:\/\/www.maasaiherosafaris.com\/fr\/logement\/\" \/>\n<meta property=\"og:site_name\" content=\"Maasai Hero Safaris\" \/>\n<meta property=\"article:modified_time\" content=\"2024-11-28T14:34:25+00:00\" \/>\n<meta property=\"og:image\" content=\"https:\/\/www.maasaiherosafaris.com\/wp-content\/uploads\/2024\/11\/a-propos-1ere-photo.jpeg\" \/>\n<meta name=\"twitter:card\" content=\"summary_large_image\" \/>\n<meta name=\"twitter:label1\" content=\"Dur\u00e9e de lecture estim\u00e9e\" \/>\n\t<meta name=\"twitter:data1\" content=\"5 minutes\" \/>\n<script type=\"application\/ld+json\" class=\"yoast-schema-graph\">{\"@context\":\"https:\/\/schema.org\",\"@graph\":[{\"@type\":\"WebPage\",\"@id\":\"https:\/\/www.maasaiherosafaris.com\/fr\/logement\/\",\"url\":\"https:\/\/www.maasaiherosafaris.com\/fr\/logement\/\",\"name\":\"Logement - Maasai Hero Safaris\",\"isPartOf\":{\"@id\":\"https:\/\/www.maasaiherosafaris.com\/en\/#website\"},\"datePublished\":\"2023-06-22T14:23:32+00:00\",\"dateModified\":\"2024-11-28T14:34:25+00:00\",\"breadcrumb\":{\"@id\":\"https:\/\/www.maasaiherosafaris.com\/fr\/logement\/#breadcrumb\"},\"inLanguage\":\"fr-FR\",\"potentialAction\":[{\"@type\":\"ReadAction\",\"target\":[\"https:\/\/www.maasaiherosafaris.com\/fr\/logement\/\"]}]},{\"@type\":\"BreadcrumbList\",\"@id\":\"https:\/\/www.maasaiherosafaris.com\/fr\/logement\/#breadcrumb\",\"itemListElement\":[{\"@type\":\"ListItem\",\"position\":1,\"name\":\"Home\",\"item\":\"https:\/\/www.maasaiherosafaris.com\/fr\/\"},{\"@type\":\"ListItem\",\"position\":2,\"name\":\"Logement\"}]},{\"@type\":\"WebSite\",\"@id\":\"https:\/\/www.maasaiherosafaris.com\/en\/#website\",\"url\":\"https:\/\/www.maasaiherosafaris.com\/en\/\",\"name\":\"Maasai Hero Safaris\",\"description\":\"Votre partenaire de voyages\",\"publisher\":{\"@id\":\"https:\/\/www.maasaiherosafaris.com\/en\/#organization\"},\"potentialAction\":[{\"@type\":\"SearchAction\",\"target\":{\"@type\":\"EntryPoint\",\"urlTemplate\":\"https:\/\/www.maasaiherosafaris.com\/en\/?s={search_term_string}\"},\"query-input\":\"required name=search_term_string\"}],\"inLanguage\":\"fr-FR\"},{\"@type\":\"Organization\",\"@id\":\"https:\/\/www.maasaiherosafaris.com\/en\/#organization\",\"name\":\"Maasai Hero Safaris\",\"url\":\"https:\/\/www.maasaiherosafaris.com\/en\/\",\"logo\":{\"@type\":\"ImageObject\",\"inLanguage\":\"fr-FR\",\"@id\":\"https:\/\/www.maasaiherosafaris.com\/en\/#\/schema\/logo\/image\/\",\"url\":\"https:\/\/www.maasaiherosafaris.com\/wp-content\/uploads\/2023\/06\/MAASAIHEROLOGO_ns.jpg2-removebg-preview.png\",\"contentUrl\":\"https:\/\/www.maasaiherosafaris.com\/wp-content\/uploads\/2023\/06\/MAASAIHEROLOGO_ns.jpg2-removebg-preview.png\",\"width\":501,\"height\":498,\"caption\":\"Maasai Hero Safaris\"},\"image\":{\"@id\":\"https:\/\/www.maasaiherosafaris.com\/en\/#\/schema\/logo\/image\/\"}}]}<\/script>\n<!-- \/ Yoast SEO plugin. -->","yoast_head_json":{"title":"Logement - Maasai Hero Safaris","robots":{"index":"index","follow":"follow","max-snippet":"max-snippet:-1","max-image-preview":"max-image-preview:large","max-video-preview":"max-video-preview:-1"},"canonical":"https:\/\/www.maasaiherosafaris.com\/fr\/logement\/","og_locale":"fr_FR","og_type":"article","og_title":"Logement - Maasai Hero Safaris","og_description":"Nous proposons diff\u00e9rentes possibilit\u00e9s de logement Tous les safaris peuvent se faire en logeant sous tente dans des campings. Il est aussi possible de dormir dans des camps mobiles qui sont d\u00e9plac\u00e9s au gr\u00e9 des migrations. Au centre du Serengeti, dans le Tarangire, et au bord du crat\u00e8re du Ngorongoro les camps sont fixes. Ces&hellip;","og_url":"https:\/\/www.maasaiherosafaris.com\/fr\/logement\/","og_site_name":"Maasai Hero Safaris","article_modified_time":"2024-11-28T14:34:25+00:00","og_image":[{"url":"https:\/\/www.maasaiherosafaris.com\/wp-content\/uploads\/2024\/11\/a-propos-1ere-photo.jpeg"}],"twitter_card":"summary_large_image","twitter_misc":{"Dur\u00e9e de lecture estim\u00e9e":"5 minutes"},"schema":{"@context":"https:\/\/schema.org","@graph":[{"@type":"WebPage","@id":"https:\/\/www.maasaiherosafaris.com\/fr\/logement\/","url":"https:\/\/www.maasaiherosafaris.com\/fr\/logement\/","name":"Logement - Maasai Hero Safaris","isPartOf":{"@id":"https:\/\/www.maasaiherosafaris.com\/en\/#website"},"datePublished":"2023-06-22T14:23:32+00:00","dateModified":"2024-11-28T14:34:25+00:00","breadcrumb":{"@id":"https:\/\/www.maasaiherosafaris.com\/fr\/logement\/#breadcrumb"},"inLanguage":"fr-FR","potentialAction":[{"@type":"ReadAction","target":["https:\/\/www.maasaiherosafaris.com\/fr\/logement\/"]}]},{"@type":"BreadcrumbList","@id":"https:\/\/www.maasaiherosafaris.com\/fr\/logement\/#breadcrumb","itemListElement":[{"@type":"ListItem","position":1,"name":"Home","item":"https:\/\/www.maasaiherosafaris.com\/fr\/"},{"@type":"ListItem","position":2,"name":"Logement"}]},{"@type":"WebSite","@id":"https:\/\/www.maasaiherosafaris.com\/en\/#website","url":"https:\/\/www.maasaiherosafaris.com\/en\/","name":"Maasai Hero Safaris","description":"Votre partenaire de voyages","publisher":{"@id":"https:\/\/www.maasaiherosafaris.com\/en\/#organization"},"potentialAction":[{"@type":"SearchAction","target":{"@type":"EntryPoint","urlTemplate":"https:\/\/www.maasaiherosafaris.com\/en\/?s={search_term_string}"},"query-input":"required name=search_term_string"}],"inLanguage":"fr-FR"},{"@type":"Organization","@id":"https:\/\/www.maasaiherosafaris.com\/en\/#organization","name":"Maasai Hero Safaris","url":"https:\/\/www.maasaiherosafaris.com\/en\/","logo":{"@type":"ImageObject","inLanguage":"fr-FR","@id":"https:\/\/www.maasaiherosafaris.com\/en\/#\/schema\/logo\/image\/","url":"https:\/\/www.maasaiherosafaris.com\/wp-content\/uploads\/2023\/06\/MAASAIHEROLOGO_ns.jpg2-removebg-preview.png","contentUrl":"https:\/\/www.maasaiherosafaris.com\/wp-content\/uploads\/2023\/06\/MAASAIHEROLOGO_ns.jpg2-removebg-preview.png","width":501,"height":498,"caption":"Maasai Hero Safaris"},"image":{"@id":"https:\/\/www.maasaiherosafaris.com\/en\/#\/schema\/logo\/image\/"}}]}},"_links":{"self":[{"href":"https:\/\/www.maasaiherosafaris.com\/fr\/wp-json\/wp\/v2\/pages\/4486"}],"collection":[{"href":"https:\/\/www.maasaiherosafaris.com\/fr\/wp-json\/wp\/v2\/pages"}],"about":[{"href":"https:\/\/www.maasaiherosafaris.com\/fr\/wp-json\/wp\/v2\/types\/page"}],"author":[{"embeddable":true,"href":"https:\/\/www.maasaiherosafaris.com\/fr\/wp-json\/wp\/v2\/users\/4"}],"replies":[{"embeddable":true,"href":"https:\/\/www.maasaiherosafaris.com\/fr\/wp-json\/wp\/v2\/comments?post=4486"}],"version-history":[{"count":4,"href":"https:\/\/www.maasaiherosafaris.com\/fr\/wp-json\/wp\/v2\/pages\/4486\/revisions"}],"predecessor-version":[{"id":5453,"href":"https:\/\/www.maasaiherosafaris.com\/fr\/wp-json\/wp\/v2\/pages\/4486\/revisions\/5453"}],"wp:attachment":[{"href":"https:\/\/www.maasaiherosafaris.com\/fr\/wp-json\/wp\/v2\/media?parent=4486"}],"curies":[{"name":"wp","href":"https:\/\/api.w.org\/{rel}","templated":true}]}}