{"id":4530,"date":"2023-06-22T15:51:15","date_gmt":"2023-06-22T15:51:15","guid":{"rendered":"https:\/\/www.maasaiherosafaris.com\/?page_id=4530"},"modified":"2024-11-28T14:37:11","modified_gmt":"2024-11-28T14:37:11","slug":"soutien-ecole","status":"publish","type":"page","link":"https:\/\/www.maasaiherosafaris.com\/fr\/soutien-ecole\/","title":{"rendered":"Soutien \u00e9cole"},"content":{"rendered":"\n<div class=\"wp-block-media-text alignfull has-media-on-the-right is-stacked-on-mobile is-image-fill tw-mb-0 tw-content-narrow is-style-tw-overlap has-background tw-stack-md\" style=\"background-color:#ffcb03;grid-template-columns:auto 45%\"><div class=\"wp-block-media-text__content\">\n<p>Bienvenue \u00e0 l\u2019\u00e9cole Engaresero de Loliondo&nbsp;!<\/p>\n\n\n\n<p>Sur les rives du lac Natron<\/p>\n<\/div><figure class=\"wp-block-media-text__media\" style=\"background-image:url(https:\/\/www.maasaiherosafaris.com\/wp-content\/uploads\/2023\/06\/Image1-3.jpg);background-position:50% 50%\"><img decoding=\"async\" loading=\"lazy\" width=\"761\" height=\"571\" src=\"https:\/\/www.maasaiherosafaris.com\/wp-content\/uploads\/2023\/06\/Image1-3.jpg\" alt=\"\" class=\"wp-image-4493 size-full\" srcset=\"https:\/\/www.maasaiherosafaris.com\/wp-content\/uploads\/2023\/06\/Image1-3.jpg 761w, https:\/\/www.maasaiherosafaris.com\/wp-content\/uploads\/2023\/06\/Image1-3-300x225.jpg 300w\" sizes=\"(max-width: 761px) 100vw, 761px\" \/><\/figure><\/div>\n\n\n\n<p>Edgar et moi, Directeurs de l\u2019agence, avons visit\u00e9 cette \u00e9cole et avons \u00e9t\u00e9 touch\u00e9s par les conditions de vie des \u00e9l\u00e8ves et des enseignants. Nous souhaiterions vous pr\u00e9senter ce lieu, dans l\u2019espoir que cela vous int\u00e9resse de les soutenir avec nous. Ce soutien est personnel et informel, dans la mesure o\u00f9 nous ne sommes pas une ONG et n\u2019avons pas d\u2019autre lien avec cette \u00e9cole qu\u2019avec les deux membres de sa direction. N\u00e9anmoins, nous aimerions vous encourager \u00e0 les aider dans leur quotidien. Nous sommes \u00e0 disposition pour plus d\u2019informations.<\/p>\n\n\n\n<figure class=\"wp-block-gallery has-nested-images columns-default is-cropped wp-block-gallery-1 is-layout-flex\">\n<figure class=\"wp-block-image size-large\"><img decoding=\"async\" loading=\"lazy\" width=\"907\" height=\"680\" data-id=\"4500\"  src=\"https:\/\/www.maasaiherosafaris.com\/wp-content\/uploads\/2023\/06\/Image2-3.jpg\" alt=\"\" class=\"wp-image-4500\" srcset=\"https:\/\/www.maasaiherosafaris.com\/wp-content\/uploads\/2023\/06\/Image2-3.jpg 907w, https:\/\/www.maasaiherosafaris.com\/wp-content\/uploads\/2023\/06\/Image2-3-300x225.jpg 300w, https:\/\/www.maasaiherosafaris.com\/wp-content\/uploads\/2023\/06\/Image2-3-768x576.jpg 768w\" sizes=\"(max-width: 907px) 100vw, 907px\" \/><\/figure>\n\n\n\n<figure class=\"wp-block-image size-large\"><img decoding=\"async\" loading=\"lazy\" width=\"907\" height=\"680\" data-id=\"4498\"  src=\"https:\/\/www.maasaiherosafaris.com\/wp-content\/uploads\/2023\/06\/Image3-3.jpg\" alt=\"\" class=\"wp-image-4498\" srcset=\"https:\/\/www.maasaiherosafaris.com\/wp-content\/uploads\/2023\/06\/Image3-3.jpg 907w, https:\/\/www.maasaiherosafaris.com\/wp-content\/uploads\/2023\/06\/Image3-3-300x225.jpg 300w, https:\/\/www.maasaiherosafaris.com\/wp-content\/uploads\/2023\/06\/Image3-3-768x576.jpg 768w\" sizes=\"(max-width: 907px) 100vw, 907px\" \/><\/figure>\n<\/figure>\n\n\n\n<p>Comme vous pouvez le voir sur ces photos, les salles de classe ainsi que le terrain sont tr\u00e8s sommaires. Au milieu de la photo de droite, ce sont les fondations d\u2019un b\u00e2timent qui s\u2019est \u00e9croul\u00e9 et qu\u2019ils ne peuvent reconstruire.<\/p>\n\n\n\n<p>691 \u00e9l\u00e8ves (393 filles et 298 gar\u00e7ons) sont r\u00e9partis en 7 niveaux (correspondant aux m\u00eames niveaux que chez nous), et 7 professeurs. Les classes III et IV comptent respectivement 114 et 190 par classe bien s\u00fbr&nbsp;! Dans les classes V \u00e0 VII, le nombre d\u2019\u00e9l\u00e8ves par classe est nettement inf\u00e9rieur (42, 59 et 65 respectivement) car d\u00e8s que les parents consid\u00e8rent que leurs enfants savent lire et \u00e9crire, ils les r\u00e9cup\u00e8rent pour travailler aux champs, au m\u00e9nage ou \u00e0 la d\u00e9risoire possibilit\u00e9 de revenus qu\u2019ils ont. Ci-dessous, une photo de la classe III.<\/p>\n\n\n\n<figure class=\"wp-block-image size-large\"><img decoding=\"async\" loading=\"lazy\" width=\"1030\" height=\"773\" src=\"https:\/\/www.maasaiherosafaris.com\/wp-content\/uploads\/2023\/06\/Image4-3-1030x773.jpg\" alt=\"\" class=\"wp-image-4505\" srcset=\"https:\/\/www.maasaiherosafaris.com\/wp-content\/uploads\/2023\/06\/Image4-3-1030x773.jpg 1030w, https:\/\/www.maasaiherosafaris.com\/wp-content\/uploads\/2023\/06\/Image4-3-300x225.jpg 300w, https:\/\/www.maasaiherosafaris.com\/wp-content\/uploads\/2023\/06\/Image4-3-768x576.jpg 768w, https:\/\/www.maasaiherosafaris.com\/wp-content\/uploads\/2023\/06\/Image4-3.jpg 1061w\" sizes=\"(max-width: 1030px) 100vw, 1030px\" \/><\/figure>\n\n\n\n<p>Certains \u00e9l\u00e8ves marchent jusqu\u2019\u00e0 18 kilom\u00e8tres par jour pour venir s\u2019instruire et rentrer chez eux. Il n\u2019y a pas de dortoirs, car le gouvernement, qui reconna\u00eet les examens d\u2019Etat faits dans cette \u00e9cole, refuse n\u00e9anmoins de la soutenir financi\u00e8rement. Une autre \u00e9cole se trouve d\u00e9j\u00e0, argue-t-il, \u00e0 quelques kilom\u00e8tres de l\u00e0 qui poss\u00e8de des dortoirs. L\u2019\u00e9cole dont il est question ici est alors inutile \u00e0 ses yeux. Quid alors des 691 enfants pr\u00e9sents&nbsp;?<\/p>\n\n\n\n<p>Les parents doivent verser 30$ par ann\u00e9e pour que leur enfant re\u00e7oive un bol de porridge \u00e0 la pause de 10.00 et un bol de polenta avec des haricots (ugali na maharage) \u00e0 midi. 232 parents d\u2019\u00e9l\u00e8ves n\u2019ont pas les moyens de verser cette somme, si bien que ces enfants-l\u00e0 regardent leurs camarades manger.<\/p>\n\n\n\n<figure class=\"wp-block-gallery has-nested-images columns-default is-cropped wp-block-gallery-3 is-layout-flex\">\n<figure class=\"wp-block-image size-large\"><img decoding=\"async\" loading=\"lazy\" width=\"973\" height=\"730\" data-id=\"4508\"  src=\"https:\/\/www.maasaiherosafaris.com\/wp-content\/uploads\/2023\/06\/Image5-1.jpg\" alt=\"\" class=\"wp-image-4508\" srcset=\"https:\/\/www.maasaiherosafaris.com\/wp-content\/uploads\/2023\/06\/Image5-1.jpg 973w, https:\/\/www.maasaiherosafaris.com\/wp-content\/uploads\/2023\/06\/Image5-1-300x225.jpg 300w, https:\/\/www.maasaiherosafaris.com\/wp-content\/uploads\/2023\/06\/Image5-1-768x576.jpg 768w\" sizes=\"(max-width: 973px) 100vw, 973px\" \/><\/figure>\n\n\n\n<figure class=\"wp-block-image size-large\"><img decoding=\"async\" loading=\"lazy\" width=\"954\" height=\"715\" data-id=\"4511\"  src=\"https:\/\/www.maasaiherosafaris.com\/wp-content\/uploads\/2023\/06\/Image6-1.jpg\" alt=\"\" class=\"wp-image-4511\" srcset=\"https:\/\/www.maasaiherosafaris.com\/wp-content\/uploads\/2023\/06\/Image6-1.jpg 954w, https:\/\/www.maasaiherosafaris.com\/wp-content\/uploads\/2023\/06\/Image6-1-300x225.jpg 300w, https:\/\/www.maasaiherosafaris.com\/wp-content\/uploads\/2023\/06\/Image6-1-768x576.jpg 768w\" sizes=\"(max-width: 954px) 100vw, 954px\" \/><\/figure>\n<\/figure>\n\n\n\n<p>Sur la photo de gauche, vous pouvez voir \u00e0 quel point la cuisine est sommaire, et elle ne poss\u00e8de plus de chemin\u00e9e fonctionnelle. A droite, les enfants attendent de recevoir \u00e0 manger. Parfois, la casserole est vide avant que leur bol n\u2019ait \u00e9t\u00e9 rempli\u2026<\/p>\n\n\n\n<p>Il serait n\u00e9cessaire de construire une cl\u00f4ture autour du terrain de l\u2019\u00e9cole pour les prot\u00e9ger, de construire une plus grande cuisine avec une chemin\u00e9e qui fonctionne et pouvoir cuisiner dans des casseroles assez grandes. Les enseignants n\u2019ont aucun moyen informatique, ni assez de papier. Les fournitures scolaires en tout genre manquent en quantit\u00e9. Riz, farine de ma\u00efs, huile, ou sel sont aussi les bienvenus. Et la liste n\u2019est pas exhaustive.<\/p>\n\n\n\n<figure class=\"wp-block-image size-full\"><img decoding=\"async\" loading=\"lazy\" width=\"863\" height=\"647\" src=\"https:\/\/www.maasaiherosafaris.com\/wp-content\/uploads\/2023\/06\/Image7-1.jpg\" alt=\"\" class=\"wp-image-4514\" srcset=\"https:\/\/www.maasaiherosafaris.com\/wp-content\/uploads\/2023\/06\/Image7-1.jpg 863w, https:\/\/www.maasaiherosafaris.com\/wp-content\/uploads\/2023\/06\/Image7-1-300x225.jpg 300w, https:\/\/www.maasaiherosafaris.com\/wp-content\/uploads\/2023\/06\/Image7-1-768x576.jpg 768w\" sizes=\"(max-width: 863px) 100vw, 863px\" \/><\/figure>\n\n\n\n<p>Le Directeur Saruni Mollel et l\u2019assistante \u00e0 la Direction de l\u2019\u00e9tablissement Joyce Minja vous seront donc infiniment reconnaissants si vous \u00eates pr\u00eats \u00e0 faire un don lors de votre passage \u00e0 Natron.<\/p>\n\n\n\n<figure class=\"wp-block-gallery has-nested-images columns-default is-cropped wp-block-gallery-5 is-layout-flex\">\n<figure class=\"wp-block-image size-large\"><img decoding=\"async\" loading=\"lazy\" width=\"1030\" height=\"579\" data-id=\"5457\"  src=\"https:\/\/www.maasaiherosafaris.com\/wp-content\/uploads\/2024\/11\/ecole-Ngaresero1-copie-1030x579.jpg\" alt=\"\" class=\"wp-image-5457\" srcset=\"https:\/\/www.maasaiherosafaris.com\/wp-content\/uploads\/2024\/11\/ecole-Ngaresero1-copie-1030x579.jpg 1030w, https:\/\/www.maasaiherosafaris.com\/wp-content\/uploads\/2024\/11\/ecole-Ngaresero1-copie-300x169.jpg 300w, https:\/\/www.maasaiherosafaris.com\/wp-content\/uploads\/2024\/11\/ecole-Ngaresero1-copie-768x432.jpg 768w, https:\/\/www.maasaiherosafaris.com\/wp-content\/uploads\/2024\/11\/ecole-Ngaresero1-copie-1536x864.jpg 1536w, https:\/\/www.maasaiherosafaris.com\/wp-content\/uploads\/2024\/11\/ecole-Ngaresero1-copie-1200x675.jpg 1200w, https:\/\/www.maasaiherosafaris.com\/wp-content\/uploads\/2024\/11\/ecole-Ngaresero1-copie.jpg 1600w\" sizes=\"(max-width: 1030px) 100vw, 1030px\" \/><\/figure>\n\n\n\n<figure class=\"wp-block-image size-full\"><img decoding=\"async\" loading=\"lazy\" width=\"214\" height=\"161\" data-id=\"4526\"  src=\"https:\/\/www.maasaiherosafaris.com\/wp-content\/uploads\/2023\/06\/Image9-2.jpg\" alt=\"\" class=\"wp-image-4526\"\/><\/figure>\n<\/figure>\n\n\n\n<p>Le 17 avril 2023, nous avons eu le plaisir de leur amener le r\u00e9sultat d\u2019un don de clients&nbsp;: une casserole dont le contenu permet d\u2019offrir un bol de polenta \u00e0 300 enfants environ.<\/p>\n","protected":false},"excerpt":{"rendered":"<p>Bienvenue \u00e0 l\u2019\u00e9cole Engaresero de Loliondo&nbsp;! Sur les rives du lac Natron Edgar et moi, Directeurs de l\u2019agence, avons visit\u00e9 cette \u00e9cole et avons \u00e9t\u00e9 touch\u00e9s par les conditions de vie des \u00e9l\u00e8ves et des enseignants. Nous souhaiterions vous pr\u00e9senter ce lieu, dans l\u2019espoir que cela vous int\u00e9resse de les soutenir avec nous. Ce soutien&hellip;<\/p>\n","protected":false},"author":4,"featured_media":0,"parent":0,"menu_order":0,"comment_status":"closed","ping_status":"closed","template":"","meta":[],"yoast_head":"<!-- This site is optimized with the Yoast SEO plugin v20.9 - https:\/\/yoast.com\/wordpress\/plugins\/seo\/ -->\n<title>Soutien \u00e9cole - Maasai Hero Safaris<\/title>\n<meta name=\"robots\" content=\"index, follow, max-snippet:-1, max-image-preview:large, max-video-preview:-1\" \/>\n<link rel=\"canonical\" href=\"https:\/\/www.maasaiherosafaris.com\/fr\/soutien-ecole\/\" \/>\n<meta property=\"og:locale\" content=\"fr_FR\" \/>\n<meta property=\"og:type\" content=\"article\" \/>\n<meta property=\"og:title\" content=\"Soutien \u00e9cole - Maasai Hero Safaris\" \/>\n<meta property=\"og:description\" content=\"Bienvenue \u00e0 l\u2019\u00e9cole Engaresero de Loliondo&nbsp;! Sur les rives du lac Natron Edgar et moi, Directeurs de l\u2019agence, avons visit\u00e9 cette \u00e9cole et avons \u00e9t\u00e9 touch\u00e9s par les conditions de vie des \u00e9l\u00e8ves et des enseignants. Nous souhaiterions vous pr\u00e9senter ce lieu, dans l\u2019espoir que cela vous int\u00e9resse de les soutenir avec nous. Ce soutien&hellip;\" \/>\n<meta property=\"og:url\" content=\"https:\/\/www.maasaiherosafaris.com\/fr\/soutien-ecole\/\" \/>\n<meta property=\"og:site_name\" content=\"Maasai Hero Safaris\" \/>\n<meta property=\"article:modified_time\" content=\"2024-11-28T14:37:11+00:00\" \/>\n<meta property=\"og:image\" content=\"https:\/\/www.maasaiherosafaris.com\/wp-content\/uploads\/2023\/06\/Image1-3.jpg\" \/>\n<meta name=\"twitter:card\" content=\"summary_large_image\" \/>\n<meta name=\"twitter:label1\" content=\"Dur\u00e9e de lecture estim\u00e9e\" \/>\n\t<meta name=\"twitter:data1\" content=\"5 minutes\" \/>\n<script type=\"application\/ld+json\" class=\"yoast-schema-graph\">{\"@context\":\"https:\/\/schema.org\",\"@graph\":[{\"@type\":\"WebPage\",\"@id\":\"https:\/\/www.maasaiherosafaris.com\/fr\/soutien-ecole\/\",\"url\":\"https:\/\/www.maasaiherosafaris.com\/fr\/soutien-ecole\/\",\"name\":\"Soutien \u00e9cole - Maasai Hero Safaris\",\"isPartOf\":{\"@id\":\"https:\/\/www.maasaiherosafaris.com\/en\/#website\"},\"datePublished\":\"2023-06-22T15:51:15+00:00\",\"dateModified\":\"2024-11-28T14:37:11+00:00\",\"breadcrumb\":{\"@id\":\"https:\/\/www.maasaiherosafaris.com\/fr\/soutien-ecole\/#breadcrumb\"},\"inLanguage\":\"fr-FR\",\"potentialAction\":[{\"@type\":\"ReadAction\",\"target\":[\"https:\/\/www.maasaiherosafaris.com\/fr\/soutien-ecole\/\"]}]},{\"@type\":\"BreadcrumbList\",\"@id\":\"https:\/\/www.maasaiherosafaris.com\/fr\/soutien-ecole\/#breadcrumb\",\"itemListElement\":[{\"@type\":\"ListItem\",\"position\":1,\"name\":\"Home\",\"item\":\"https:\/\/www.maasaiherosafaris.com\/fr\/\"},{\"@type\":\"ListItem\",\"position\":2,\"name\":\"Soutien \u00e9cole\"}]},{\"@type\":\"WebSite\",\"@id\":\"https:\/\/www.maasaiherosafaris.com\/en\/#website\",\"url\":\"https:\/\/www.maasaiherosafaris.com\/en\/\",\"name\":\"Maasai Hero Safaris\",\"description\":\"Votre partenaire de voyages\",\"publisher\":{\"@id\":\"https:\/\/www.maasaiherosafaris.com\/en\/#organization\"},\"potentialAction\":[{\"@type\":\"SearchAction\",\"target\":{\"@type\":\"EntryPoint\",\"urlTemplate\":\"https:\/\/www.maasaiherosafaris.com\/en\/?s={search_term_string}\"},\"query-input\":\"required name=search_term_string\"}],\"inLanguage\":\"fr-FR\"},{\"@type\":\"Organization\",\"@id\":\"https:\/\/www.maasaiherosafaris.com\/en\/#organization\",\"name\":\"Maasai Hero Safaris\",\"url\":\"https:\/\/www.maasaiherosafaris.com\/en\/\",\"logo\":{\"@type\":\"ImageObject\",\"inLanguage\":\"fr-FR\",\"@id\":\"https:\/\/www.maasaiherosafaris.com\/en\/#\/schema\/logo\/image\/\",\"url\":\"https:\/\/www.maasaiherosafaris.com\/wp-content\/uploads\/2023\/06\/MAASAIHEROLOGO_ns.jpg2-removebg-preview.png\",\"contentUrl\":\"https:\/\/www.maasaiherosafaris.com\/wp-content\/uploads\/2023\/06\/MAASAIHEROLOGO_ns.jpg2-removebg-preview.png\",\"width\":501,\"height\":498,\"caption\":\"Maasai Hero Safaris\"},\"image\":{\"@id\":\"https:\/\/www.maasaiherosafaris.com\/en\/#\/schema\/logo\/image\/\"}}]}<\/script>\n<!-- \/ Yoast SEO plugin. -->","yoast_head_json":{"title":"Soutien \u00e9cole - Maasai Hero Safaris","robots":{"index":"index","follow":"follow","max-snippet":"max-snippet:-1","max-image-preview":"max-image-preview:large","max-video-preview":"max-video-preview:-1"},"canonical":"https:\/\/www.maasaiherosafaris.com\/fr\/soutien-ecole\/","og_locale":"fr_FR","og_type":"article","og_title":"Soutien \u00e9cole - Maasai Hero Safaris","og_description":"Bienvenue \u00e0 l\u2019\u00e9cole Engaresero de Loliondo&nbsp;! Sur les rives du lac Natron Edgar et moi, Directeurs de l\u2019agence, avons visit\u00e9 cette \u00e9cole et avons \u00e9t\u00e9 touch\u00e9s par les conditions de vie des \u00e9l\u00e8ves et des enseignants. Nous souhaiterions vous pr\u00e9senter ce lieu, dans l\u2019espoir que cela vous int\u00e9resse de les soutenir avec nous. Ce soutien&hellip;","og_url":"https:\/\/www.maasaiherosafaris.com\/fr\/soutien-ecole\/","og_site_name":"Maasai Hero Safaris","article_modified_time":"2024-11-28T14:37:11+00:00","og_image":[{"url":"https:\/\/www.maasaiherosafaris.com\/wp-content\/uploads\/2023\/06\/Image1-3.jpg"}],"twitter_card":"summary_large_image","twitter_misc":{"Dur\u00e9e de lecture estim\u00e9e":"5 minutes"},"schema":{"@context":"https:\/\/schema.org","@graph":[{"@type":"WebPage","@id":"https:\/\/www.maasaiherosafaris.com\/fr\/soutien-ecole\/","url":"https:\/\/www.maasaiherosafaris.com\/fr\/soutien-ecole\/","name":"Soutien \u00e9cole - Maasai Hero Safaris","isPartOf":{"@id":"https:\/\/www.maasaiherosafaris.com\/en\/#website"},"datePublished":"2023-06-22T15:51:15+00:00","dateModified":"2024-11-28T14:37:11+00:00","breadcrumb":{"@id":"https:\/\/www.maasaiherosafaris.com\/fr\/soutien-ecole\/#breadcrumb"},"inLanguage":"fr-FR","potentialAction":[{"@type":"ReadAction","target":["https:\/\/www.maasaiherosafaris.com\/fr\/soutien-ecole\/"]}]},{"@type":"BreadcrumbList","@id":"https:\/\/www.maasaiherosafaris.com\/fr\/soutien-ecole\/#breadcrumb","itemListElement":[{"@type":"ListItem","position":1,"name":"Home","item":"https:\/\/www.maasaiherosafaris.com\/fr\/"},{"@type":"ListItem","position":2,"name":"Soutien \u00e9cole"}]},{"@type":"WebSite","@id":"https:\/\/www.maasaiherosafaris.com\/en\/#website","url":"https:\/\/www.maasaiherosafaris.com\/en\/","name":"Maasai Hero Safaris","description":"Votre partenaire de voyages","publisher":{"@id":"https:\/\/www.maasaiherosafaris.com\/en\/#organization"},"potentialAction":[{"@type":"SearchAction","target":{"@type":"EntryPoint","urlTemplate":"https:\/\/www.maasaiherosafaris.com\/en\/?s={search_term_string}"},"query-input":"required name=search_term_string"}],"inLanguage":"fr-FR"},{"@type":"Organization","@id":"https:\/\/www.maasaiherosafaris.com\/en\/#organization","name":"Maasai Hero Safaris","url":"https:\/\/www.maasaiherosafaris.com\/en\/","logo":{"@type":"ImageObject","inLanguage":"fr-FR","@id":"https:\/\/www.maasaiherosafaris.com\/en\/#\/schema\/logo\/image\/","url":"https:\/\/www.maasaiherosafaris.com\/wp-content\/uploads\/2023\/06\/MAASAIHEROLOGO_ns.jpg2-removebg-preview.png","contentUrl":"https:\/\/www.maasaiherosafaris.com\/wp-content\/uploads\/2023\/06\/MAASAIHEROLOGO_ns.jpg2-removebg-preview.png","width":501,"height":498,"caption":"Maasai Hero Safaris"},"image":{"@id":"https:\/\/www.maasaiherosafaris.com\/en\/#\/schema\/logo\/image\/"}}]}},"_links":{"self":[{"href":"https:\/\/www.maasaiherosafaris.com\/fr\/wp-json\/wp\/v2\/pages\/4530"}],"collection":[{"href":"https:\/\/www.maasaiherosafaris.com\/fr\/wp-json\/wp\/v2\/pages"}],"about":[{"href":"https:\/\/www.maasaiherosafaris.com\/fr\/wp-json\/wp\/v2\/types\/page"}],"author":[{"embeddable":true,"href":"https:\/\/www.maasaiherosafaris.com\/fr\/wp-json\/wp\/v2\/users\/4"}],"replies":[{"embeddable":true,"href":"https:\/\/www.maasaiherosafaris.com\/fr\/wp-json\/wp\/v2\/comments?post=4530"}],"version-history":[{"count":3,"href":"https:\/\/www.maasaiherosafaris.com\/fr\/wp-json\/wp\/v2\/pages\/4530\/revisions"}],"predecessor-version":[{"id":5460,"href":"https:\/\/www.maasaiherosafaris.com\/fr\/wp-json\/wp\/v2\/pages\/4530\/revisions\/5460"}],"wp:attachment":[{"href":"https:\/\/www.maasaiherosafaris.com\/fr\/wp-json\/wp\/v2\/media?parent=4530"}],"curies":[{"name":"wp","href":"https:\/\/api.w.org\/{rel}","templated":true}]}}