{"id":5726,"date":"2025-12-22T13:48:01","date_gmt":"2025-12-22T13:48:01","guid":{"rendered":"https:\/\/www.maasaiherosafaris.com\/?page_id=5726"},"modified":"2026-02-23T17:07:33","modified_gmt":"2026-02-23T17:07:33","slug":"mini-reportages","status":"publish","type":"page","link":"https:\/\/www.maasaiherosafaris.com\/fr\/mini-reportages\/","title":{"rendered":"Mini-reportages"},"content":{"rendered":"\n<div class=\"wp-block-media-text alignfull has-media-on-the-right is-stacked-on-mobile is-image-fill tw-mb-0 tw-content-narrow is-style-tw-overlap has-background tw-stack-md\" style=\"background-color:#ffcb03;grid-template-columns:auto 46%\"><div class=\"wp-block-media-text__content\">\n<h1 class=\"wp-block-heading\">Mini-reportages<\/h1>\n\n\n\n<p>D\u00e9couvrez la beaut\u00e9 de la Tanzanie au travers des mini-reportages r\u00e9alis\u00e9s par Bernard Pichon lors de son s\u00e9jour avec nous.<\/p>\n<\/div><figure class=\"wp-block-media-text__media\" style=\"background-image:url(https:\/\/www.maasaiherosafaris.com\/wp-content\/uploads\/2025\/12\/Capture.png);background-position:50% 50%\"><img decoding=\"async\" loading=\"lazy\" width=\"798\" height=\"520\" src=\"https:\/\/www.maasaiherosafaris.com\/wp-content\/uploads\/2025\/12\/Capture.png\" alt=\"\" class=\"wp-image-5739 size-full\" srcset=\"https:\/\/www.maasaiherosafaris.com\/wp-content\/uploads\/2025\/12\/Capture.png 798w, https:\/\/www.maasaiherosafaris.com\/wp-content\/uploads\/2025\/12\/Capture-300x195.png 300w, https:\/\/www.maasaiherosafaris.com\/wp-content\/uploads\/2025\/12\/Capture-768x500.png 768w\" sizes=\"(max-width: 798px) 100vw, 798px\" \/><\/figure><\/div>\n\n\n\n<figure class=\"wp-block-video\"><video controls src=\"https:\/\/www.maasaiherosafaris.com\/wp-content\/uploads\/2025\/12\/Afrique-_-Tanzanie-1.mp4\"><\/video><figcaption class=\"wp-element-caption\">La Tanzanie<\/figcaption><\/figure>\n\n\n\n<figure class=\"wp-block-video\"><video controls src=\"https:\/\/www.maasaiherosafaris.com\/wp-content\/uploads\/2025\/12\/Tanzanie-_-les-Gnous.mp4\"><\/video><figcaption class=\"wp-element-caption\">Les gnous<\/figcaption><\/figure>\n\n\n\n<figure class=\"wp-block-video\"><video controls src=\"https:\/\/www.maasaiherosafaris.com\/wp-content\/uploads\/2025\/12\/Tanzanie-_-Lac-Natron.mp4\"><\/video><figcaption class=\"wp-element-caption\">Le lac Natron<\/figcaption><\/figure>\n\n\n\n<figure class=\"wp-block-video\"><video controls src=\"https:\/\/www.maasaiherosafaris.com\/wp-content\/uploads\/2025\/12\/village-Maasai.mp4\"><\/video><figcaption class=\"wp-element-caption\">Le village Maasai<\/figcaption><\/figure>\n\n\n\n<figure class=\"wp-block-video\"><video controls src=\"https:\/\/www.maasaiherosafaris.com\/wp-content\/uploads\/2025\/12\/Marche-Massai-2.mp4\"><\/video><figcaption class=\"wp-element-caption\">Le march\u00e9 Maasai<\/figcaption><\/figure>\n\n\n\n<figure class=\"wp-block-embed is-type-video is-provider-youtube wp-block-embed-youtube wp-embed-aspect-16-9 wp-has-aspect-ratio\"><div class=\"wp-block-embed__wrapper\">\n<iframe loading=\"lazy\" title=\"Afrique : Tanzanie (pistes et campements)\" width=\"800\" height=\"450\" src=\"https:\/\/www.youtube.com\/embed\/yYKLTgIMMdE?feature=oembed\" frameborder=\"0\" allow=\"accelerometer; autoplay; clipboard-write; encrypted-media; gyroscope; picture-in-picture; web-share\" referrerpolicy=\"strict-origin-when-cross-origin\" allowfullscreen><\/iframe>\n<\/div><\/figure>\n\n\n\n<figure class=\"wp-block-embed is-type-video is-provider-youtube wp-block-embed-youtube wp-embed-aspect-16-9 wp-has-aspect-ratio\"><div class=\"wp-block-embed__wrapper\">\n<iframe loading=\"lazy\" title=\"Afrique : Tanzanie (girafes)\" width=\"800\" height=\"450\" src=\"https:\/\/www.youtube.com\/embed\/JG5wp_pt_64?feature=oembed\" frameborder=\"0\" allow=\"accelerometer; autoplay; clipboard-write; encrypted-media; gyroscope; picture-in-picture; web-share\" referrerpolicy=\"strict-origin-when-cross-origin\" allowfullscreen><\/iframe>\n<\/div><\/figure>\n","protected":false},"excerpt":{"rendered":"<p>Mini-reportages D\u00e9couvrez la beaut\u00e9 de la Tanzanie au travers des mini-reportages r\u00e9alis\u00e9s par Bernard Pichon lors de son s\u00e9jour avec nous.<\/p>\n","protected":false},"author":4,"featured_media":0,"parent":0,"menu_order":0,"comment_status":"closed","ping_status":"closed","template":"","meta":[],"yoast_head":"<!-- This site is optimized with the Yoast SEO plugin v20.9 - https:\/\/yoast.com\/wordpress\/plugins\/seo\/ -->\n<title>Mini-reportages - Maasai Hero Safaris<\/title>\n<meta name=\"robots\" content=\"index, follow, max-snippet:-1, max-image-preview:large, max-video-preview:-1\" \/>\n<link rel=\"canonical\" href=\"https:\/\/www.maasaiherosafaris.com\/fr\/mini-reportages\/\" \/>\n<meta property=\"og:locale\" content=\"fr_FR\" \/>\n<meta property=\"og:type\" content=\"article\" \/>\n<meta property=\"og:title\" content=\"Mini-reportages - Maasai Hero Safaris\" \/>\n<meta property=\"og:description\" content=\"Mini-reportages D\u00e9couvrez la beaut\u00e9 de la Tanzanie au travers des mini-reportages r\u00e9alis\u00e9s par Bernard Pichon lors de son s\u00e9jour avec nous.\" \/>\n<meta property=\"og:url\" content=\"https:\/\/www.maasaiherosafaris.com\/fr\/mini-reportages\/\" \/>\n<meta property=\"og:site_name\" content=\"Maasai Hero Safaris\" \/>\n<meta property=\"article:modified_time\" content=\"2026-02-23T17:07:33+00:00\" \/>\n<meta property=\"og:image\" content=\"https:\/\/www.maasaiherosafaris.com\/wp-content\/uploads\/2025\/12\/Capture.png\" \/>\n<meta name=\"twitter:card\" content=\"summary_large_image\" \/>\n<meta name=\"twitter:label1\" content=\"Dur\u00e9e de lecture estim\u00e9e\" \/>\n\t<meta name=\"twitter:data1\" content=\"1 minute\" \/>\n<script type=\"application\/ld+json\" class=\"yoast-schema-graph\">{\"@context\":\"https:\/\/schema.org\",\"@graph\":[{\"@type\":\"WebPage\",\"@id\":\"https:\/\/www.maasaiherosafaris.com\/fr\/mini-reportages\/\",\"url\":\"https:\/\/www.maasaiherosafaris.com\/fr\/mini-reportages\/\",\"name\":\"Mini-reportages - Maasai Hero Safaris\",\"isPartOf\":{\"@id\":\"https:\/\/www.maasaiherosafaris.com\/en\/#website\"},\"datePublished\":\"2025-12-22T13:48:01+00:00\",\"dateModified\":\"2026-02-23T17:07:33+00:00\",\"breadcrumb\":{\"@id\":\"https:\/\/www.maasaiherosafaris.com\/fr\/mini-reportages\/#breadcrumb\"},\"inLanguage\":\"fr-FR\",\"potentialAction\":[{\"@type\":\"ReadAction\",\"target\":[\"https:\/\/www.maasaiherosafaris.com\/fr\/mini-reportages\/\"]}]},{\"@type\":\"BreadcrumbList\",\"@id\":\"https:\/\/www.maasaiherosafaris.com\/fr\/mini-reportages\/#breadcrumb\",\"itemListElement\":[{\"@type\":\"ListItem\",\"position\":1,\"name\":\"Home\",\"item\":\"https:\/\/www.maasaiherosafaris.com\/fr\/\"},{\"@type\":\"ListItem\",\"position\":2,\"name\":\"Mini-reportages\"}]},{\"@type\":\"WebSite\",\"@id\":\"https:\/\/www.maasaiherosafaris.com\/en\/#website\",\"url\":\"https:\/\/www.maasaiherosafaris.com\/en\/\",\"name\":\"Maasai Hero Safaris\",\"description\":\"Votre partenaire de voyages\",\"publisher\":{\"@id\":\"https:\/\/www.maasaiherosafaris.com\/en\/#organization\"},\"potentialAction\":[{\"@type\":\"SearchAction\",\"target\":{\"@type\":\"EntryPoint\",\"urlTemplate\":\"https:\/\/www.maasaiherosafaris.com\/en\/?s={search_term_string}\"},\"query-input\":\"required name=search_term_string\"}],\"inLanguage\":\"fr-FR\"},{\"@type\":\"Organization\",\"@id\":\"https:\/\/www.maasaiherosafaris.com\/en\/#organization\",\"name\":\"Maasai Hero Safaris\",\"url\":\"https:\/\/www.maasaiherosafaris.com\/en\/\",\"logo\":{\"@type\":\"ImageObject\",\"inLanguage\":\"fr-FR\",\"@id\":\"https:\/\/www.maasaiherosafaris.com\/en\/#\/schema\/logo\/image\/\",\"url\":\"https:\/\/www.maasaiherosafaris.com\/wp-content\/uploads\/2023\/06\/MAASAIHEROLOGO_ns.jpg2-removebg-preview.png\",\"contentUrl\":\"https:\/\/www.maasaiherosafaris.com\/wp-content\/uploads\/2023\/06\/MAASAIHEROLOGO_ns.jpg2-removebg-preview.png\",\"width\":501,\"height\":498,\"caption\":\"Maasai Hero Safaris\"},\"image\":{\"@id\":\"https:\/\/www.maasaiherosafaris.com\/en\/#\/schema\/logo\/image\/\"}}]}<\/script>\n<!-- \/ Yoast SEO plugin. -->","yoast_head_json":{"title":"Mini-reportages - Maasai Hero Safaris","robots":{"index":"index","follow":"follow","max-snippet":"max-snippet:-1","max-image-preview":"max-image-preview:large","max-video-preview":"max-video-preview:-1"},"canonical":"https:\/\/www.maasaiherosafaris.com\/fr\/mini-reportages\/","og_locale":"fr_FR","og_type":"article","og_title":"Mini-reportages - Maasai Hero Safaris","og_description":"Mini-reportages D\u00e9couvrez la beaut\u00e9 de la Tanzanie au travers des mini-reportages r\u00e9alis\u00e9s par Bernard Pichon lors de son s\u00e9jour avec nous.","og_url":"https:\/\/www.maasaiherosafaris.com\/fr\/mini-reportages\/","og_site_name":"Maasai Hero Safaris","article_modified_time":"2026-02-23T17:07:33+00:00","og_image":[{"url":"https:\/\/www.maasaiherosafaris.com\/wp-content\/uploads\/2025\/12\/Capture.png"}],"twitter_card":"summary_large_image","twitter_misc":{"Dur\u00e9e de lecture estim\u00e9e":"1 minute"},"schema":{"@context":"https:\/\/schema.org","@graph":[{"@type":"WebPage","@id":"https:\/\/www.maasaiherosafaris.com\/fr\/mini-reportages\/","url":"https:\/\/www.maasaiherosafaris.com\/fr\/mini-reportages\/","name":"Mini-reportages - Maasai Hero Safaris","isPartOf":{"@id":"https:\/\/www.maasaiherosafaris.com\/en\/#website"},"datePublished":"2025-12-22T13:48:01+00:00","dateModified":"2026-02-23T17:07:33+00:00","breadcrumb":{"@id":"https:\/\/www.maasaiherosafaris.com\/fr\/mini-reportages\/#breadcrumb"},"inLanguage":"fr-FR","potentialAction":[{"@type":"ReadAction","target":["https:\/\/www.maasaiherosafaris.com\/fr\/mini-reportages\/"]}]},{"@type":"BreadcrumbList","@id":"https:\/\/www.maasaiherosafaris.com\/fr\/mini-reportages\/#breadcrumb","itemListElement":[{"@type":"ListItem","position":1,"name":"Home","item":"https:\/\/www.maasaiherosafaris.com\/fr\/"},{"@type":"ListItem","position":2,"name":"Mini-reportages"}]},{"@type":"WebSite","@id":"https:\/\/www.maasaiherosafaris.com\/en\/#website","url":"https:\/\/www.maasaiherosafaris.com\/en\/","name":"Maasai Hero Safaris","description":"Votre partenaire de voyages","publisher":{"@id":"https:\/\/www.maasaiherosafaris.com\/en\/#organization"},"potentialAction":[{"@type":"SearchAction","target":{"@type":"EntryPoint","urlTemplate":"https:\/\/www.maasaiherosafaris.com\/en\/?s={search_term_string}"},"query-input":"required name=search_term_string"}],"inLanguage":"fr-FR"},{"@type":"Organization","@id":"https:\/\/www.maasaiherosafaris.com\/en\/#organization","name":"Maasai Hero Safaris","url":"https:\/\/www.maasaiherosafaris.com\/en\/","logo":{"@type":"ImageObject","inLanguage":"fr-FR","@id":"https:\/\/www.maasaiherosafaris.com\/en\/#\/schema\/logo\/image\/","url":"https:\/\/www.maasaiherosafaris.com\/wp-content\/uploads\/2023\/06\/MAASAIHEROLOGO_ns.jpg2-removebg-preview.png","contentUrl":"https:\/\/www.maasaiherosafaris.com\/wp-content\/uploads\/2023\/06\/MAASAIHEROLOGO_ns.jpg2-removebg-preview.png","width":501,"height":498,"caption":"Maasai Hero Safaris"},"image":{"@id":"https:\/\/www.maasaiherosafaris.com\/en\/#\/schema\/logo\/image\/"}}]}},"_links":{"self":[{"href":"https:\/\/www.maasaiherosafaris.com\/fr\/wp-json\/wp\/v2\/pages\/5726"}],"collection":[{"href":"https:\/\/www.maasaiherosafaris.com\/fr\/wp-json\/wp\/v2\/pages"}],"about":[{"href":"https:\/\/www.maasaiherosafaris.com\/fr\/wp-json\/wp\/v2\/types\/page"}],"author":[{"embeddable":true,"href":"https:\/\/www.maasaiherosafaris.com\/fr\/wp-json\/wp\/v2\/users\/4"}],"replies":[{"embeddable":true,"href":"https:\/\/www.maasaiherosafaris.com\/fr\/wp-json\/wp\/v2\/comments?post=5726"}],"version-history":[{"count":6,"href":"https:\/\/www.maasaiherosafaris.com\/fr\/wp-json\/wp\/v2\/pages\/5726\/revisions"}],"predecessor-version":[{"id":5771,"href":"https:\/\/www.maasaiherosafaris.com\/fr\/wp-json\/wp\/v2\/pages\/5726\/revisions\/5771"}],"wp:attachment":[{"href":"https:\/\/www.maasaiherosafaris.com\/fr\/wp-json\/wp\/v2\/media?parent=5726"}],"curies":[{"name":"wp","href":"https:\/\/api.w.org\/{rel}","templated":true}]}}